{"id":1812,"date":"2026-02-28T12:28:17","date_gmt":"2026-02-28T11:28:17","guid":{"rendered":"https:\/\/veronicaestercasas.com\/legal-notice\/"},"modified":"2026-03-08T18:35:38","modified_gmt":"2026-03-08T17:35:38","slug":"legal-notice","status":"publish","type":"page","link":"https:\/\/veronicaestercasas.com\/en\/legal-notice\/","title":{"rendered":"Legal notice"},"content":{"rendered":"\t\t<div data-elementor-type=\"wp-page\" data-elementor-id=\"1812\" class=\"elementor elementor-1812 elementor-1006\">\n\t\t\t\t<div class=\"elementor-element elementor-element-10ab63b e-con-full e-flex e-con e-parent\" data-id=\"10ab63b\" data-element_type=\"container\" data-e-type=\"container\">\n\t\t\t\t<div class=\"elementor-element elementor-element-7a079370 elementor-widget elementor-widget-heading\" data-id=\"7a079370\" data-element_type=\"widget\" data-e-type=\"widget\" data-widget_type=\"heading.default\">\n\t\t\t\t\t<h2 class=\"elementor-heading-title elementor-size-default\">Legal notice<\/h2>\t\t\t\t<\/div>\n\t\t\t\t<div class=\"elementor-element elementor-element-ef11ca4 elementor-widget-divider--view-line elementor-widget elementor-widget-divider\" data-id=\"ef11ca4\" data-element_type=\"widget\" data-e-type=\"widget\" data-widget_type=\"divider.default\">\n\t\t\t\t\t\t\t<div class=\"elementor-divider\">\n\t\t\t<span class=\"elementor-divider-separator\">\n\t\t\t\t\t\t<\/span>\n\t\t<\/div>\n\t\t\t\t\t\t<\/div>\n\t\t\t\t<\/div>\n\t\t<div class=\"elementor-element elementor-element-67926d2 e-flex e-con-boxed e-con e-parent\" data-id=\"67926d2\" data-element_type=\"container\" data-e-type=\"container\">\n\t\t\t\t\t<div class=\"e-con-inner\">\n\t\t\t\t<div class=\"elementor-element elementor-element-6321f4a elementor-widget elementor-widget-text-editor\" data-id=\"6321f4a\" data-element_type=\"widget\" data-e-type=\"widget\" data-widget_type=\"text-editor.default\">\n\t\t\t\t\t\t\t\t\t<p>This legal notice contains the conditions that regulate the use of and access to the website https:\/\/veronicaestercasas.com, hereinafter referred to as the website.<\/p><p>Access to and browsing of the website by the user implies acceptance of all the conditions published on the website at that time.<\/p><p>The purpose of this website is to provide information about the activities carried out by Ver\u00f3nica Ester Casas.<\/p><h3>Intellectual and Industrial Property Rights<\/h3><p>Los contenidos del sitio web (textos y fotograf\u00edas) son propiedad de Ver\u00f3nica Ester Casas. The contents of the website (texts and photographs) are the property of Ver\u00f3nica Ester Casas. The rest of the features, buttons, software files, color combinations, as well as the structure, selection, arrangement, and presentation of its contents are the property of WordPress and are protected by Spanish and international laws on Intellectual and Industrial Property.<\/p><p>Under no circumstances does access to this website imply any waiver, transfer, or assignment, either total or partial, of the rights granted by Spanish and international legislation on Intellectual and Industrial Property.<\/p><p>The reproduction (except for temporary downloading from the website to the user\u2019s computer hard drive or to proxy servers), copying, use, distribution, reuse, exploitation, creation of second copies, sending by mail, transmission, modification, assignment, or any other action performed with all or part of the information contained on this website that has not been expressly authorized by the owner is prohibited. The dissemination of images is only permitted if explicit mention is made of their author.<\/p><p>El usuario se obliga a usar los contenidos de forma diligente, correcta y l\u00edcita y, en particular, se compromete a abstenerse de suprimir, eludir o manipular el \u201ccopyright\u201d y dem\u00e1s datos identificativos de los derechos de Ver\u00f3nica Ester Casas de sus titulares incorporados a los contenidos, as\u00ed como los dispositivos t\u00e9cnicos de protecci\u00f3n o cualesquiera mecanismos de informaci\u00f3n que pudieren incluirse en los contenidos. Likewise, the user shall refrain from using the contents and, in particular, information of any kind obtained through the website to send advertising, communications for commercial purposes, unsolicited messages addressed to multiple people regardless of their purpose, and from marketing or disseminating such information in any way.<\/p><h3>Access<\/h3><p>Users may access the website freely and free of charge.<\/p><h3>Liability and Obligations<\/h3><p>LIABILITY REGARDING CONTENT<\/p><p>The content of this website is of a general nature and has a purely informative purpose regarding the works and services of Ver\u00f3nica Ester Casas.<\/p><p>Ver\u00f3nica Ester Casas shall not be liable for any decisions taken by users of the website as a result of the information contained therein, particularly with regard to the technical characteristics of the cables.<\/p><p>Ver\u00f3nica Ester Casas declines any responsibility for information not prepared by herself and not published under her name in an authorized manner, as well as for any liability arising from the misuse of the contents. She also reserves the right to update, remove, limit, or prevent access to such content, temporarily or permanently.<\/p><p>LIABILITY IN THE EVENT THAT THIS PAGE IS THE DESTINATION OF A LINK INSERTED ON ANOTHER PAGE<\/p><p>With regard to links established by other websites to this site, if any user, entity, or website wishes to establish any type of link to this website, the following conditions must be observed:<\/p><ul><li>Authorization must be requested prior to creating the link, and such authorization must be expressly granted.<\/li><li>The link may only lead to the homepage.<\/li><li>The link must be absolute and complete, meaning it must lead the user to the actual address of Ver\u00f3nica Ester Casas and must cover the entire screen of the homepage.<\/li><li>No false or incorrect indication about the website of Ver\u00f3nica Ester Casas may be given.<\/li><li>If any distinctive sign of Ver\u00f3nica Ester Casas, such as trademarks, logos, or names, is to be used, prior written authorization must be obtained.<\/li><li>The owner of the page offering the link must act in good faith and must not attempt to negatively affect the reputation or good name of Ver\u00f3nica Ester Casas.<\/li><li>Unless expressly authorized by Ver\u00f3nica Ester Casas, it is prohibited to register the textual elements of the brand or logo, the domain name, or the name fundacionmadrid.org as keywords (metatags or metanames) for website searches carried out through search engines.<\/li><\/ul><p>Ver\u00f3nica Ester Casas assumes no responsibility for any aspect related to the website that offers the link. The establishment of a link does not imply the existence of any relationship, collaboration, or dependency between Ver\u00f3nica Ester Casas and the owner of that website.<\/p><p>LIABILITY FOR TECHNICAL ASPECTS<\/p><p>Ver\u00f3nica Ester Casas does not guarantee the continuous operation of the website or that it will be operational and available at all times.<\/p><p>Ver\u00f3nica Ester Casas shall not be liable for direct or indirect damages, including damage to computer systems or the introduction of viruses existing on the network, arising from Internet browsing necessary for the use of this website.<\/p><p>USERS\u2019 OBLIGATIONS<\/p><p>The user shall be liable for any damages that Ver\u00f3nica Ester Casas may suffer as a result of the breach of any of the obligations established in this legal notice.<\/p><p>With regard to browsing, the user undertakes to diligently and faithfully observe the recommendations established by Ver\u00f3nica Ester Casas regarding the use of the website. For this purpose, Ver\u00f3nica Ester Casas will address users through any means of communication available on the website.<\/p><h3>Duration and Modification<\/h3><p>Ver\u00f3nica Ester Casas shall have the right to modify the terms and conditions established herein unilaterally, either totally or partially. Any changes will appear in the same manner as they appear in this legal notice.<\/p><p>The temporal validity of this legal notice therefore coincides with the time of its publication, until it is totally or partially modified by Ver\u00f3nica Ester Casas.<\/p><h3>Legislation and Jurisdiction<\/h3><p>These conditions of use are governed by Spanish law.<\/p><p>Users and Ver\u00f3nica Ester Casas, expressly waiving any other jurisdiction that may correspond to them, submit any interpretation or dispute arising from this legal notice to the Courts and Tribunals of Madrid.<\/p>\t\t\t\t\t\t\t\t<\/div>\n\t\t\t\t\t<\/div>\n\t\t\t\t<\/div>\n\t\t\t\t<\/div>\n\t\t","protected":false},"excerpt":{"rendered":"<p>Legal notice This legal notice contains the conditions that regulate the use of and access to the website https:\/\/veronicaestercasas.com, hereinafter referred to as the website. Access to and browsing of the website by the user implies acceptance of all the conditions published on the website at that time. The purpose of this website is to [&hellip;]<\/p>\n","protected":false},"author":1,"featured_media":1442,"parent":0,"menu_order":0,"comment_status":"closed","ping_status":"closed","template":"elementor_header_footer","meta":{"footnotes":""},"class_list":["post-1812","page","type-page","status-publish","has-post-thumbnail","hentry"],"yoast_head":"<!-- This site is optimized with the Yoast SEO plugin v27.2 - https:\/\/yoast.com\/product\/yoast-seo-wordpress\/ -->\n<title>Legal notice - Ver\u00f3nica Ester Casas<\/title>\n<meta name=\"robots\" content=\"index, follow, max-snippet:-1, max-image-preview:large, max-video-preview:-1\" \/>\n<link rel=\"canonical\" href=\"https:\/\/veronicaestercasas.com\/en\/legal-notice\/\" \/>\n<meta property=\"og:locale\" content=\"en_US\" \/>\n<meta property=\"og:type\" content=\"article\" \/>\n<meta property=\"og:title\" content=\"Legal notice - Ver\u00f3nica Ester Casas\" \/>\n<meta property=\"og:description\" content=\"Legal notice This legal notice contains the conditions that regulate the use of and access to the website https:\/\/veronicaestercasas.com, hereinafter referred to as the website. Access to and browsing of the website by the user implies acceptance of all the conditions published on the website at that time. The purpose of this website is to [&hellip;]\" \/>\n<meta property=\"og:url\" content=\"https:\/\/veronicaestercasas.com\/en\/legal-notice\/\" \/>\n<meta property=\"og:site_name\" content=\"Ver\u00f3nica Ester Casas\" \/>\n<meta property=\"article:publisher\" content=\"https:\/\/www.linkedin.com\/in\/veronicaestercasas\" \/>\n<meta property=\"article:modified_time\" content=\"2026-03-08T17:35:38+00:00\" \/>\n<meta property=\"og:image\" content=\"https:\/\/veronicaestercasas.com\/wp-content\/uploads\/2026\/02\/Homepage-400_380.jpg\" \/>\n\t<meta property=\"og:image:width\" content=\"400\" \/>\n\t<meta property=\"og:image:height\" content=\"380\" \/>\n\t<meta property=\"og:image:type\" content=\"image\/jpeg\" \/>\n<meta name=\"twitter:card\" content=\"summary_large_image\" \/>\n<meta name=\"twitter:label1\" content=\"Est. reading time\" \/>\n\t<meta name=\"twitter:data1\" content=\"5 minutes\" \/>\n<script type=\"application\/ld+json\" class=\"yoast-schema-graph\">{\"@context\":\"https:\/\/schema.org\",\"@graph\":[{\"@type\":\"WebPage\",\"@id\":\"https:\/\/veronicaestercasas.com\/en\/legal-notice\/\",\"url\":\"https:\/\/veronicaestercasas.com\/en\/legal-notice\/\",\"name\":\"Legal notice - Ver\u00f3nica Ester Casas\",\"isPartOf\":{\"@id\":\"https:\/\/veronicaestercasas.com\/en\/#website\"},\"primaryImageOfPage\":{\"@id\":\"https:\/\/veronicaestercasas.com\/en\/legal-notice\/#primaryimage\"},\"image\":{\"@id\":\"https:\/\/veronicaestercasas.com\/en\/legal-notice\/#primaryimage\"},\"thumbnailUrl\":\"https:\/\/veronicaestercasas.com\/wp-content\/uploads\/2026\/02\/Homepage-400_380.jpg\",\"datePublished\":\"2026-02-28T11:28:17+00:00\",\"dateModified\":\"2026-03-08T17:35:38+00:00\",\"breadcrumb\":{\"@id\":\"https:\/\/veronicaestercasas.com\/en\/legal-notice\/#breadcrumb\"},\"inLanguage\":\"en-US\",\"potentialAction\":[{\"@type\":\"ReadAction\",\"target\":[\"https:\/\/veronicaestercasas.com\/en\/legal-notice\/\"]}]},{\"@type\":\"ImageObject\",\"inLanguage\":\"en-US\",\"@id\":\"https:\/\/veronicaestercasas.com\/en\/legal-notice\/#primaryimage\",\"url\":\"https:\/\/veronicaestercasas.com\/wp-content\/uploads\/2026\/02\/Homepage-400_380.jpg\",\"contentUrl\":\"https:\/\/veronicaestercasas.com\/wp-content\/uploads\/2026\/02\/Homepage-400_380.jpg\",\"width\":400,\"height\":380},{\"@type\":\"BreadcrumbList\",\"@id\":\"https:\/\/veronicaestercasas.com\/en\/legal-notice\/#breadcrumb\",\"itemListElement\":[{\"@type\":\"ListItem\",\"position\":1,\"name\":\"Portada\",\"item\":\"https:\/\/veronicaestercasas.com\/en\/\"},{\"@type\":\"ListItem\",\"position\":2,\"name\":\"Legal notice\"}]},{\"@type\":\"WebSite\",\"@id\":\"https:\/\/veronicaestercasas.com\/en\/#website\",\"url\":\"https:\/\/veronicaestercasas.com\/en\/\",\"name\":\"Ver\u00f3nica Ester Casas\",\"description\":\"Abogado y \u00e1rbitro independiente\",\"publisher\":{\"@id\":\"https:\/\/veronicaestercasas.com\/en\/#organization\"},\"potentialAction\":[{\"@type\":\"SearchAction\",\"target\":{\"@type\":\"EntryPoint\",\"urlTemplate\":\"https:\/\/veronicaestercasas.com\/en\/?s={search_term_string}\"},\"query-input\":{\"@type\":\"PropertyValueSpecification\",\"valueRequired\":true,\"valueName\":\"search_term_string\"}}],\"inLanguage\":\"en-US\"},{\"@type\":\"Organization\",\"@id\":\"https:\/\/veronicaestercasas.com\/en\/#organization\",\"name\":\"Ver\u00f3nica Ester Casas\",\"url\":\"https:\/\/veronicaestercasas.com\/en\/\",\"logo\":{\"@type\":\"ImageObject\",\"inLanguage\":\"en-US\",\"@id\":\"https:\/\/veronicaestercasas.com\/en\/#\/schema\/logo\/image\/\",\"url\":\"https:\/\/veronicaestercasas.com\/wp-content\/uploads\/2026\/02\/VEC-LOGO.png\",\"contentUrl\":\"https:\/\/veronicaestercasas.com\/wp-content\/uploads\/2026\/02\/VEC-LOGO.png\",\"width\":1500,\"height\":400,\"caption\":\"Ver\u00f3nica Ester Casas\"},\"image\":{\"@id\":\"https:\/\/veronicaestercasas.com\/en\/#\/schema\/logo\/image\/\"},\"sameAs\":[\"https:\/\/www.linkedin.com\/in\/veronicaestercasas\"]}]}<\/script>\n<!-- \/ Yoast SEO plugin. -->","yoast_head_json":{"title":"Legal notice - Ver\u00f3nica Ester Casas","robots":{"index":"index","follow":"follow","max-snippet":"max-snippet:-1","max-image-preview":"max-image-preview:large","max-video-preview":"max-video-preview:-1"},"canonical":"https:\/\/veronicaestercasas.com\/en\/legal-notice\/","og_locale":"en_US","og_type":"article","og_title":"Legal notice - Ver\u00f3nica Ester Casas","og_description":"Legal notice This legal notice contains the conditions that regulate the use of and access to the website https:\/\/veronicaestercasas.com, hereinafter referred to as the website. Access to and browsing of the website by the user implies acceptance of all the conditions published on the website at that time. The purpose of this website is to [&hellip;]","og_url":"https:\/\/veronicaestercasas.com\/en\/legal-notice\/","og_site_name":"Ver\u00f3nica Ester Casas","article_publisher":"https:\/\/www.linkedin.com\/in\/veronicaestercasas","article_modified_time":"2026-03-08T17:35:38+00:00","og_image":[{"width":400,"height":380,"url":"https:\/\/veronicaestercasas.com\/wp-content\/uploads\/2026\/02\/Homepage-400_380.jpg","type":"image\/jpeg"}],"twitter_card":"summary_large_image","twitter_misc":{"Est. reading time":"5 minutes"},"schema":{"@context":"https:\/\/schema.org","@graph":[{"@type":"WebPage","@id":"https:\/\/veronicaestercasas.com\/en\/legal-notice\/","url":"https:\/\/veronicaestercasas.com\/en\/legal-notice\/","name":"Legal notice - Ver\u00f3nica Ester Casas","isPartOf":{"@id":"https:\/\/veronicaestercasas.com\/en\/#website"},"primaryImageOfPage":{"@id":"https:\/\/veronicaestercasas.com\/en\/legal-notice\/#primaryimage"},"image":{"@id":"https:\/\/veronicaestercasas.com\/en\/legal-notice\/#primaryimage"},"thumbnailUrl":"https:\/\/veronicaestercasas.com\/wp-content\/uploads\/2026\/02\/Homepage-400_380.jpg","datePublished":"2026-02-28T11:28:17+00:00","dateModified":"2026-03-08T17:35:38+00:00","breadcrumb":{"@id":"https:\/\/veronicaestercasas.com\/en\/legal-notice\/#breadcrumb"},"inLanguage":"en-US","potentialAction":[{"@type":"ReadAction","target":["https:\/\/veronicaestercasas.com\/en\/legal-notice\/"]}]},{"@type":"ImageObject","inLanguage":"en-US","@id":"https:\/\/veronicaestercasas.com\/en\/legal-notice\/#primaryimage","url":"https:\/\/veronicaestercasas.com\/wp-content\/uploads\/2026\/02\/Homepage-400_380.jpg","contentUrl":"https:\/\/veronicaestercasas.com\/wp-content\/uploads\/2026\/02\/Homepage-400_380.jpg","width":400,"height":380},{"@type":"BreadcrumbList","@id":"https:\/\/veronicaestercasas.com\/en\/legal-notice\/#breadcrumb","itemListElement":[{"@type":"ListItem","position":1,"name":"Portada","item":"https:\/\/veronicaestercasas.com\/en\/"},{"@type":"ListItem","position":2,"name":"Legal notice"}]},{"@type":"WebSite","@id":"https:\/\/veronicaestercasas.com\/en\/#website","url":"https:\/\/veronicaestercasas.com\/en\/","name":"Ver\u00f3nica Ester Casas","description":"Abogado y \u00e1rbitro independiente","publisher":{"@id":"https:\/\/veronicaestercasas.com\/en\/#organization"},"potentialAction":[{"@type":"SearchAction","target":{"@type":"EntryPoint","urlTemplate":"https:\/\/veronicaestercasas.com\/en\/?s={search_term_string}"},"query-input":{"@type":"PropertyValueSpecification","valueRequired":true,"valueName":"search_term_string"}}],"inLanguage":"en-US"},{"@type":"Organization","@id":"https:\/\/veronicaestercasas.com\/en\/#organization","name":"Ver\u00f3nica Ester Casas","url":"https:\/\/veronicaestercasas.com\/en\/","logo":{"@type":"ImageObject","inLanguage":"en-US","@id":"https:\/\/veronicaestercasas.com\/en\/#\/schema\/logo\/image\/","url":"https:\/\/veronicaestercasas.com\/wp-content\/uploads\/2026\/02\/VEC-LOGO.png","contentUrl":"https:\/\/veronicaestercasas.com\/wp-content\/uploads\/2026\/02\/VEC-LOGO.png","width":1500,"height":400,"caption":"Ver\u00f3nica Ester Casas"},"image":{"@id":"https:\/\/veronicaestercasas.com\/en\/#\/schema\/logo\/image\/"},"sameAs":["https:\/\/www.linkedin.com\/in\/veronicaestercasas"]}]}},"_links":{"self":[{"href":"https:\/\/veronicaestercasas.com\/en\/wp-json\/wp\/v2\/pages\/1812","targetHints":{"allow":["GET"]}}],"collection":[{"href":"https:\/\/veronicaestercasas.com\/en\/wp-json\/wp\/v2\/pages"}],"about":[{"href":"https:\/\/veronicaestercasas.com\/en\/wp-json\/wp\/v2\/types\/page"}],"author":[{"embeddable":true,"href":"https:\/\/veronicaestercasas.com\/en\/wp-json\/wp\/v2\/users\/1"}],"replies":[{"embeddable":true,"href":"https:\/\/veronicaestercasas.com\/en\/wp-json\/wp\/v2\/comments?post=1812"}],"version-history":[{"count":6,"href":"https:\/\/veronicaestercasas.com\/en\/wp-json\/wp\/v2\/pages\/1812\/revisions"}],"predecessor-version":[{"id":1819,"href":"https:\/\/veronicaestercasas.com\/en\/wp-json\/wp\/v2\/pages\/1812\/revisions\/1819"}],"wp:featuredmedia":[{"embeddable":true,"href":"https:\/\/veronicaestercasas.com\/en\/wp-json\/wp\/v2\/media\/1442"}],"wp:attachment":[{"href":"https:\/\/veronicaestercasas.com\/en\/wp-json\/wp\/v2\/media?parent=1812"}],"curies":[{"name":"wp","href":"https:\/\/api.w.org\/{rel}","templated":true}]}}