{"id":1754,"date":"2026-02-24T12:35:09","date_gmt":"2026-02-24T11:35:09","guid":{"rendered":"https:\/\/veronicaestercasas.com\/page-daccueil\/"},"modified":"2026-03-11T19:10:24","modified_gmt":"2026-03-11T18:10:24","slug":"page-daccueil","status":"publish","type":"page","link":"https:\/\/veronicaestercasas.com\/fr\/","title":{"rendered":"Page d\u2019accueil"},"content":{"rendered":"\t\t<div data-elementor-type=\"wp-page\" data-elementor-id=\"1754\" class=\"elementor elementor-1754 elementor-128\">\n\t\t\t\t<div class=\"elementor-element elementor-element-7426c920 e-con-full animated-slow e-flex elementor-invisible e-con e-parent\" data-id=\"7426c920\" data-element_type=\"container\" data-e-type=\"container\" data-settings=\"{&quot;background_background&quot;:&quot;classic&quot;,&quot;animation&quot;:&quot;fadeIn&quot;}\">\n\t\t\t\t<div class=\"elementor-element elementor-element-4a0fd027 animated-slow elementor-invisible elementor-widget elementor-widget-heading\" data-id=\"4a0fd027\" data-element_type=\"widget\" data-e-type=\"widget\" data-settings=\"{&quot;_animation_tablet&quot;:&quot;slideInDown&quot;,&quot;_animation&quot;:&quot;fadeIn&quot;}\" data-widget_type=\"heading.default\">\n\t\t\t\t\t<h1 class=\"elementor-heading-title elementor-size-default\">Avocate ind\u00e9pendante et arbitre<\/h1>\t\t\t\t<\/div>\n\t\t\t\t<div class=\"elementor-element elementor-element-57bd4a0 animated-slow elementor-invisible elementor-widget elementor-widget-heading\" data-id=\"57bd4a0\" data-element_type=\"widget\" data-e-type=\"widget\" data-settings=\"{&quot;_animation_tablet&quot;:&quot;slideInDown&quot;,&quot;_animation&quot;:&quot;fadeIn&quot;}\" data-widget_type=\"heading.default\">\n\t\t\t\t\t<h1 class=\"elementor-heading-title elementor-size-default\"><br>ARBITRAGE \u00b7 UNION EUROP\u00c9ENNE \u00b7 CONTENTIEUX STRAT\u00c9GIQUE \u00b7 <br>DROIT PUBLIC<\/h1>\t\t\t\t<\/div>\n\t\t\t\t<\/div>\n\t\t<div class=\"elementor-element elementor-element-3034535b e-con-full e-flex e-con e-parent\" data-id=\"3034535b\" data-element_type=\"container\" data-e-type=\"container\">\n\t\t<div class=\"elementor-element elementor-element-5b47e6ab e-con-full e-flex e-con e-child\" data-id=\"5b47e6ab\" data-element_type=\"container\" data-e-type=\"container\">\n\t\t\t\t<div class=\"elementor-element elementor-element-3f9683f3 animated-slow elementor-invisible elementor-widget elementor-widget-image\" data-id=\"3f9683f3\" data-element_type=\"widget\" data-e-type=\"widget\" data-settings=\"{&quot;_animation&quot;:&quot;fadeIn&quot;}\" data-widget_type=\"image.default\">\n\t\t\t\t\t\t\t\t\t\t\t\t\t\t\t<img fetchpriority=\"high\" decoding=\"async\" width=\"900\" height=\"1250\" src=\"https:\/\/veronicaestercasas.com\/wp-content\/uploads\/2026\/03\/FOTO-inicio-definitiva.png\" class=\"attachment-full size-full wp-image-1752\" alt=\"\" srcset=\"https:\/\/veronicaestercasas.com\/wp-content\/uploads\/2026\/03\/FOTO-inicio-definitiva.png 900w, https:\/\/veronicaestercasas.com\/wp-content\/uploads\/2026\/03\/FOTO-inicio-definitiva-216x300.png 216w, https:\/\/veronicaestercasas.com\/wp-content\/uploads\/2026\/03\/FOTO-inicio-definitiva-737x1024.png 737w, https:\/\/veronicaestercasas.com\/wp-content\/uploads\/2026\/03\/FOTO-inicio-definitiva-768x1067.png 768w\" sizes=\"(max-width: 900px) 100vw, 900px\" \/>\t\t\t\t\t\t\t\t\t\t\t\t\t\t\t<\/div>\n\t\t\t\t<\/div>\n\t\t<div class=\"elementor-element elementor-element-6a263b30 e-con-full e-flex e-con e-child\" data-id=\"6a263b30\" data-element_type=\"container\" data-e-type=\"container\">\n\t\t\t\t<div class=\"elementor-element elementor-element-39b4cc8f elementor-widget elementor-widget-heading\" data-id=\"39b4cc8f\" data-element_type=\"widget\" data-e-type=\"widget\" data-widget_type=\"heading.default\">\n\t\t\t\t\t<h1 class=\"elementor-heading-title elementor-size-default\">Ver\u00f3nica<\/h1>\t\t\t\t<\/div>\n\t\t\t\t<div class=\"elementor-element elementor-element-814546e elementor-widget elementor-widget-heading\" data-id=\"814546e\" data-element_type=\"widget\" data-e-type=\"widget\" data-widget_type=\"heading.default\">\n\t\t\t\t\t<h2 class=\"elementor-heading-title elementor-size-default\">Ester Casas<\/h2>\t\t\t\t<\/div>\n\t\t\t\t<div class=\"elementor-element elementor-element-6cca1cbf elementor-widget elementor-widget-text-editor\" data-id=\"6cca1cbf\" data-element_type=\"widget\" data-e-type=\"widget\" data-widget_type=\"text-editor.default\">\n\t\t\t\t\t\t\t\t\t<p>Ver\u00f3nica est <strong>avocate ind\u00e9pendante et arbitre<\/strong>, avec plus de vingt-cinq ans d\u2019exp\u00e9rience au plus haut niveau, en tant qu\u2019<strong>Avocate de l\u2019\u00c9tat <\/strong>et en pratique priv\u00e9e, en arbitrage, contentieux, droit public et droit de l\u2019Union Europ\u00e9enne.<br \/><br \/>En tant qu\u2019<strong>Agent du Royaume d\u2019Espagne<\/strong>, elle a repr\u00e9sent\u00e9 les autorit\u00e9s espagnoles dans de nombreuses proc\u00e9dures devant les juridictions de l\u2019Union Europ\u00e9enne.<br \/><br \/>Dans le cadre de sa pratique priv\u00e9e, elle est intervenue devant les juridictions espagnoles et europ\u00e9ennes dans des affaires complexes, en invoquant fr\u00e9quemment le droit de l\u2019Union, et a \u00e9galement conseill\u00e9 ses clients dans des proc\u00e9dures devant la Commission Europ\u00e9enne.<br \/><br \/>Elle dispose d\u2019une vaste exp\u00e9rience en contentieux et en r\u00e9solution des diff\u00e9rends dans un large \u00e9ventail de secteurs, tels que l\u2019\u00e9nergie, les hydrocarbures, la sant\u00e9 et l\u2019industrie pharmaceutique, la banque et les assurances.\u00a0<br \/><br \/>Au cours de sa carri\u00e8re, elle a dirig\u00e9 la strat\u00e9gie juridique dans <strong>plus de 3.000 proc\u00e9dures<\/strong> devant les juridictions civiles et commerciales, p\u00e9nales et administratives, ainsi que devant la Cour de Justice de l\u2019Union Europ\u00e9enne \u00e0 Luxembourg.<br \/><br \/>Son profil se distingue par une capacit\u00e9 peu commune \u00e0 int\u00e9grer, dans une m\u00eame affaire, les dimensions contentieuse, r\u00e9glementaire et de droit public, en particulier lorsque les litiges soul\u00e8vent des questions de souverainet\u00e9 r\u00e9glementaire, de conformit\u00e9 au droit de l\u2019Union Europ\u00e9enne ou d\u2019articulation entre int\u00e9r\u00eats publics et priv\u00e9s.<br \/><br \/>Apr\u00e8s avoir exerc\u00e9 en qualit\u00e9 d\u2019of counsel et d\u2019associ\u00e9e au sein de plusieurs cabinets d\u2019avocats, elle exerce aujourd\u2019hui comme avocate ind\u00e9pendante et arbitre.<br \/><br \/>L\u2019espagnol est sa langue maternelle, et elle s\u2019exprime avec aisance, \u00e0 l\u2019\u00e9crit comme \u00e0 l\u2019oral, en anglais et en fran\u00e7ais.<\/p>\t\t\t\t\t\t\t\t<\/div>\n\t\t\t\t<\/div>\n\t\t\t\t<\/div>\n\t\t\t\t<\/div>\n\t\t","protected":false},"excerpt":{"rendered":"<p>Avocate ind\u00e9pendante et arbitre ARBITRAGE \u00b7 UNION EUROP\u00c9ENNE \u00b7 CONTENTIEUX STRAT\u00c9GIQUE \u00b7 DROIT PUBLIC Ver\u00f3nica Ester Casas Ver\u00f3nica est avocate ind\u00e9pendante et arbitre, avec plus de vingt-cinq ans d\u2019exp\u00e9rience au plus haut niveau, en tant qu\u2019Avocate de l\u2019\u00c9tat et en pratique priv\u00e9e, en arbitrage, contentieux, droit public et droit de l\u2019Union Europ\u00e9enne. En tant qu\u2019Agent [&hellip;]<\/p>\n","protected":false},"author":1,"featured_media":1753,"parent":0,"menu_order":0,"comment_status":"closed","ping_status":"closed","template":"elementor_header_footer","meta":{"footnotes":""},"class_list":["post-1754","page","type-page","status-publish","has-post-thumbnail","hentry"],"yoast_head":"<!-- This site is optimized with the Yoast SEO plugin v27.2 - https:\/\/yoast.com\/product\/yoast-seo-wordpress\/ -->\n<title>Page d\u2019accueil - Ver\u00f3nica Ester Casas<\/title>\n<meta name=\"robots\" content=\"index, follow, max-snippet:-1, max-image-preview:large, max-video-preview:-1\" \/>\n<link rel=\"canonical\" href=\"https:\/\/veronicaestercasas.com\/fr\/\" \/>\n<meta property=\"og:locale\" content=\"fr_FR\" \/>\n<meta property=\"og:type\" content=\"article\" \/>\n<meta property=\"og:title\" content=\"Page d\u2019accueil - Ver\u00f3nica Ester Casas\" \/>\n<meta property=\"og:description\" content=\"Avocate ind\u00e9pendante et arbitre ARBITRAGE \u00b7 UNION EUROP\u00c9ENNE \u00b7 CONTENTIEUX STRAT\u00c9GIQUE \u00b7 DROIT PUBLIC Ver\u00f3nica Ester Casas Ver\u00f3nica est avocate ind\u00e9pendante et arbitre, avec plus de vingt-cinq ans d\u2019exp\u00e9rience au plus haut niveau, en tant qu\u2019Avocate de l\u2019\u00c9tat et en pratique priv\u00e9e, en arbitrage, contentieux, droit public et droit de l\u2019Union Europ\u00e9enne. En tant qu\u2019Agent [&hellip;]\" \/>\n<meta property=\"og:url\" content=\"https:\/\/veronicaestercasas.com\/fr\/\" \/>\n<meta property=\"og:site_name\" content=\"Ver\u00f3nica Ester Casas\" \/>\n<meta property=\"article:publisher\" content=\"https:\/\/www.linkedin.com\/in\/veronicaestercasas\" \/>\n<meta property=\"article:modified_time\" content=\"2026-03-11T18:10:24+00:00\" \/>\n<meta property=\"og:image\" content=\"https:\/\/veronicaestercasas.com\/wp-content\/uploads\/2026\/02\/Homepage-400_380.jpg\" \/>\n\t<meta property=\"og:image:width\" content=\"400\" \/>\n\t<meta property=\"og:image:height\" content=\"380\" \/>\n\t<meta property=\"og:image:type\" content=\"image\/jpeg\" \/>\n<meta name=\"twitter:card\" content=\"summary_large_image\" \/>\n<meta name=\"twitter:label1\" content=\"Dur\u00e9e de lecture estim\u00e9e\" \/>\n\t<meta name=\"twitter:data1\" content=\"2 minutes\" \/>\n<script type=\"application\/ld+json\" class=\"yoast-schema-graph\">{\"@context\":\"https:\/\/schema.org\",\"@graph\":[{\"@type\":\"WebPage\",\"@id\":\"https:\/\/veronicaestercasas.com\/fr\/\",\"url\":\"https:\/\/veronicaestercasas.com\/fr\/\",\"name\":\"Page d\u2019accueil - Ver\u00f3nica Ester Casas\",\"isPartOf\":{\"@id\":\"https:\/\/veronicaestercasas.com\/fr\/#website\"},\"primaryImageOfPage\":{\"@id\":\"https:\/\/veronicaestercasas.com\/fr\/#primaryimage\"},\"image\":{\"@id\":\"https:\/\/veronicaestercasas.com\/fr\/#primaryimage\"},\"thumbnailUrl\":\"https:\/\/veronicaestercasas.com\/wp-content\/uploads\/2026\/02\/Homepage-400_380.jpg\",\"datePublished\":\"2026-02-24T11:35:09+00:00\",\"dateModified\":\"2026-03-11T18:10:24+00:00\",\"breadcrumb\":{\"@id\":\"https:\/\/veronicaestercasas.com\/fr\/#breadcrumb\"},\"inLanguage\":\"fr-FR\",\"potentialAction\":[{\"@type\":\"ReadAction\",\"target\":[\"https:\/\/veronicaestercasas.com\/fr\/\"]}]},{\"@type\":\"ImageObject\",\"inLanguage\":\"fr-FR\",\"@id\":\"https:\/\/veronicaestercasas.com\/fr\/#primaryimage\",\"url\":\"https:\/\/veronicaestercasas.com\/wp-content\/uploads\/2026\/02\/Homepage-400_380.jpg\",\"contentUrl\":\"https:\/\/veronicaestercasas.com\/wp-content\/uploads\/2026\/02\/Homepage-400_380.jpg\",\"width\":400,\"height\":380},{\"@type\":\"BreadcrumbList\",\"@id\":\"https:\/\/veronicaestercasas.com\/fr\/#breadcrumb\",\"itemListElement\":[{\"@type\":\"ListItem\",\"position\":1,\"name\":\"Portada\",\"item\":\"https:\/\/veronicaestercasas.com\/fr\/\"},{\"@type\":\"ListItem\",\"position\":2,\"name\":\"Page d\u2019accueil\"}]},{\"@type\":\"WebSite\",\"@id\":\"https:\/\/veronicaestercasas.com\/fr\/#website\",\"url\":\"https:\/\/veronicaestercasas.com\/fr\/\",\"name\":\"Ver\u00f3nica Ester Casas\",\"description\":\"Abogado y \u00e1rbitro independiente\",\"publisher\":{\"@id\":\"https:\/\/veronicaestercasas.com\/fr\/#organization\"},\"potentialAction\":[{\"@type\":\"SearchAction\",\"target\":{\"@type\":\"EntryPoint\",\"urlTemplate\":\"https:\/\/veronicaestercasas.com\/fr\/?s={search_term_string}\"},\"query-input\":{\"@type\":\"PropertyValueSpecification\",\"valueRequired\":true,\"valueName\":\"search_term_string\"}}],\"inLanguage\":\"fr-FR\"},{\"@type\":\"Organization\",\"@id\":\"https:\/\/veronicaestercasas.com\/fr\/#organization\",\"name\":\"Ver\u00f3nica Ester Casas\",\"url\":\"https:\/\/veronicaestercasas.com\/fr\/\",\"logo\":{\"@type\":\"ImageObject\",\"inLanguage\":\"fr-FR\",\"@id\":\"https:\/\/veronicaestercasas.com\/fr\/#\/schema\/logo\/image\/\",\"url\":\"https:\/\/veronicaestercasas.com\/wp-content\/uploads\/2026\/02\/VEC-LOGO.png\",\"contentUrl\":\"https:\/\/veronicaestercasas.com\/wp-content\/uploads\/2026\/02\/VEC-LOGO.png\",\"width\":1500,\"height\":400,\"caption\":\"Ver\u00f3nica Ester Casas\"},\"image\":{\"@id\":\"https:\/\/veronicaestercasas.com\/fr\/#\/schema\/logo\/image\/\"},\"sameAs\":[\"https:\/\/www.linkedin.com\/in\/veronicaestercasas\"]}]}<\/script>\n<!-- \/ Yoast SEO plugin. -->","yoast_head_json":{"title":"Page d\u2019accueil - Ver\u00f3nica Ester Casas","robots":{"index":"index","follow":"follow","max-snippet":"max-snippet:-1","max-image-preview":"max-image-preview:large","max-video-preview":"max-video-preview:-1"},"canonical":"https:\/\/veronicaestercasas.com\/fr\/","og_locale":"fr_FR","og_type":"article","og_title":"Page d\u2019accueil - Ver\u00f3nica Ester Casas","og_description":"Avocate ind\u00e9pendante et arbitre ARBITRAGE \u00b7 UNION EUROP\u00c9ENNE \u00b7 CONTENTIEUX STRAT\u00c9GIQUE \u00b7 DROIT PUBLIC Ver\u00f3nica Ester Casas Ver\u00f3nica est avocate ind\u00e9pendante et arbitre, avec plus de vingt-cinq ans d\u2019exp\u00e9rience au plus haut niveau, en tant qu\u2019Avocate de l\u2019\u00c9tat et en pratique priv\u00e9e, en arbitrage, contentieux, droit public et droit de l\u2019Union Europ\u00e9enne. En tant qu\u2019Agent [&hellip;]","og_url":"https:\/\/veronicaestercasas.com\/fr\/","og_site_name":"Ver\u00f3nica Ester Casas","article_publisher":"https:\/\/www.linkedin.com\/in\/veronicaestercasas","article_modified_time":"2026-03-11T18:10:24+00:00","og_image":[{"width":400,"height":380,"url":"https:\/\/veronicaestercasas.com\/wp-content\/uploads\/2026\/02\/Homepage-400_380.jpg","type":"image\/jpeg"}],"twitter_card":"summary_large_image","twitter_misc":{"Dur\u00e9e de lecture estim\u00e9e":"2 minutes"},"schema":{"@context":"https:\/\/schema.org","@graph":[{"@type":"WebPage","@id":"https:\/\/veronicaestercasas.com\/fr\/","url":"https:\/\/veronicaestercasas.com\/fr\/","name":"Page d\u2019accueil - Ver\u00f3nica Ester Casas","isPartOf":{"@id":"https:\/\/veronicaestercasas.com\/fr\/#website"},"primaryImageOfPage":{"@id":"https:\/\/veronicaestercasas.com\/fr\/#primaryimage"},"image":{"@id":"https:\/\/veronicaestercasas.com\/fr\/#primaryimage"},"thumbnailUrl":"https:\/\/veronicaestercasas.com\/wp-content\/uploads\/2026\/02\/Homepage-400_380.jpg","datePublished":"2026-02-24T11:35:09+00:00","dateModified":"2026-03-11T18:10:24+00:00","breadcrumb":{"@id":"https:\/\/veronicaestercasas.com\/fr\/#breadcrumb"},"inLanguage":"fr-FR","potentialAction":[{"@type":"ReadAction","target":["https:\/\/veronicaestercasas.com\/fr\/"]}]},{"@type":"ImageObject","inLanguage":"fr-FR","@id":"https:\/\/veronicaestercasas.com\/fr\/#primaryimage","url":"https:\/\/veronicaestercasas.com\/wp-content\/uploads\/2026\/02\/Homepage-400_380.jpg","contentUrl":"https:\/\/veronicaestercasas.com\/wp-content\/uploads\/2026\/02\/Homepage-400_380.jpg","width":400,"height":380},{"@type":"BreadcrumbList","@id":"https:\/\/veronicaestercasas.com\/fr\/#breadcrumb","itemListElement":[{"@type":"ListItem","position":1,"name":"Portada","item":"https:\/\/veronicaestercasas.com\/fr\/"},{"@type":"ListItem","position":2,"name":"Page d\u2019accueil"}]},{"@type":"WebSite","@id":"https:\/\/veronicaestercasas.com\/fr\/#website","url":"https:\/\/veronicaestercasas.com\/fr\/","name":"Ver\u00f3nica Ester Casas","description":"Abogado y \u00e1rbitro independiente","publisher":{"@id":"https:\/\/veronicaestercasas.com\/fr\/#organization"},"potentialAction":[{"@type":"SearchAction","target":{"@type":"EntryPoint","urlTemplate":"https:\/\/veronicaestercasas.com\/fr\/?s={search_term_string}"},"query-input":{"@type":"PropertyValueSpecification","valueRequired":true,"valueName":"search_term_string"}}],"inLanguage":"fr-FR"},{"@type":"Organization","@id":"https:\/\/veronicaestercasas.com\/fr\/#organization","name":"Ver\u00f3nica Ester Casas","url":"https:\/\/veronicaestercasas.com\/fr\/","logo":{"@type":"ImageObject","inLanguage":"fr-FR","@id":"https:\/\/veronicaestercasas.com\/fr\/#\/schema\/logo\/image\/","url":"https:\/\/veronicaestercasas.com\/wp-content\/uploads\/2026\/02\/VEC-LOGO.png","contentUrl":"https:\/\/veronicaestercasas.com\/wp-content\/uploads\/2026\/02\/VEC-LOGO.png","width":1500,"height":400,"caption":"Ver\u00f3nica Ester Casas"},"image":{"@id":"https:\/\/veronicaestercasas.com\/fr\/#\/schema\/logo\/image\/"},"sameAs":["https:\/\/www.linkedin.com\/in\/veronicaestercasas"]}]}},"_links":{"self":[{"href":"https:\/\/veronicaestercasas.com\/fr\/wp-json\/wp\/v2\/pages\/1754","targetHints":{"allow":["GET"]}}],"collection":[{"href":"https:\/\/veronicaestercasas.com\/fr\/wp-json\/wp\/v2\/pages"}],"about":[{"href":"https:\/\/veronicaestercasas.com\/fr\/wp-json\/wp\/v2\/types\/page"}],"author":[{"embeddable":true,"href":"https:\/\/veronicaestercasas.com\/fr\/wp-json\/wp\/v2\/users\/1"}],"replies":[{"embeddable":true,"href":"https:\/\/veronicaestercasas.com\/fr\/wp-json\/wp\/v2\/comments?post=1754"}],"version-history":[{"count":22,"href":"https:\/\/veronicaestercasas.com\/fr\/wp-json\/wp\/v2\/pages\/1754\/revisions"}],"predecessor-version":[{"id":2137,"href":"https:\/\/veronicaestercasas.com\/fr\/wp-json\/wp\/v2\/pages\/1754\/revisions\/2137"}],"wp:featuredmedia":[{"embeddable":true,"href":"https:\/\/veronicaestercasas.com\/fr\/wp-json\/wp\/v2\/media\/1753"}],"wp:attachment":[{"href":"https:\/\/veronicaestercasas.com\/fr\/wp-json\/wp\/v2\/media?parent=1754"}],"curies":[{"name":"wp","href":"https:\/\/api.w.org\/{rel}","templated":true}]}}