{"id":1780,"date":"2026-02-27T18:50:31","date_gmt":"2026-02-27T17:50:31","guid":{"rendered":"https:\/\/veronicaestercasas.com\/biographie\/"},"modified":"2026-03-11T16:28:46","modified_gmt":"2026-03-11T15:28:46","slug":"biographie","status":"publish","type":"page","link":"https:\/\/veronicaestercasas.com\/fr\/biographie\/","title":{"rendered":"Biographie"},"content":{"rendered":"\t\t<div data-elementor-type=\"wp-page\" data-elementor-id=\"1780\" class=\"elementor elementor-1780 elementor-626\">\n\t\t\t\t<div class=\"elementor-element elementor-element-10ab63b e-con-full e-flex e-con e-parent\" data-id=\"10ab63b\" data-element_type=\"container\" data-e-type=\"container\">\n\t\t\t\t<div class=\"elementor-element elementor-element-7a079370 elementor-widget elementor-widget-heading\" data-id=\"7a079370\" data-element_type=\"widget\" data-e-type=\"widget\" data-widget_type=\"heading.default\">\n\t\t\t\t\t<h2 class=\"elementor-heading-title elementor-size-default\">Biographie<\/h2>\t\t\t\t<\/div>\n\t\t<div class=\"elementor-element elementor-element-8db2022 e-con-full e-flex e-con e-child\" data-id=\"8db2022\" data-element_type=\"container\" data-e-type=\"container\" data-settings=\"{&quot;background_background&quot;:&quot;classic&quot;}\">\n\t\t<div class=\"elementor-element elementor-element-fc422c8 e-con-full e-flex e-con e-child\" data-id=\"fc422c8\" data-element_type=\"container\" data-e-type=\"container\">\n\t\t\t\t<div class=\"elementor-element elementor-element-50027f2 elementor-widget elementor-widget-image\" data-id=\"50027f2\" data-element_type=\"widget\" data-e-type=\"widget\" data-widget_type=\"image.default\">\n\t\t\t\t\t\t\t\t\t\t\t\t\t\t\t<img fetchpriority=\"high\" decoding=\"async\" width=\"800\" height=\"800\" src=\"https:\/\/veronicaestercasas.com\/wp-content\/uploads\/2026\/03\/FOTO-BIO-def.png\" class=\"attachment-large size-large wp-image-1779\" alt=\"\" srcset=\"https:\/\/veronicaestercasas.com\/wp-content\/uploads\/2026\/03\/FOTO-BIO-def.png 900w, https:\/\/veronicaestercasas.com\/wp-content\/uploads\/2026\/03\/FOTO-BIO-def-300x300.png 300w, https:\/\/veronicaestercasas.com\/wp-content\/uploads\/2026\/03\/FOTO-BIO-def-150x150.png 150w, https:\/\/veronicaestercasas.com\/wp-content\/uploads\/2026\/03\/FOTO-BIO-def-768x768.png 768w\" sizes=\"(max-width: 800px) 100vw, 800px\" \/>\t\t\t\t\t\t\t\t\t\t\t\t\t\t\t<\/div>\n\t\t\t\t<\/div>\n\t\t<div class=\"elementor-element elementor-element-20292d5 e-con-full e-flex e-con e-child\" data-id=\"20292d5\" data-element_type=\"container\" data-e-type=\"container\">\n\t\t\t\t<div class=\"elementor-element elementor-element-c8b73c5 elementor-widget elementor-widget-text-editor\" data-id=\"c8b73c5\" data-element_type=\"widget\" data-e-type=\"widget\" data-widget_type=\"text-editor.default\">\n\t\t\t\t\t\t\t\t\t<p><strong>Dipl\u00f4m\u00e9e en Droit et Conseill\u00e8re Juridique d&rsquo;Entreprise de l\u2019Universidad Pontificia Comillas<\/strong> <strong>(ICADE, E-1) et Master en Philosophie.<\/strong><\/p><p>Elle exerce depuis l\u2019an 2000 en qualit\u00e9 d\u2019<strong>Avocate de l\u2019\u00c9tat<\/strong> et a occup\u00e9, notamment, les fonctions suivantes : Avocate de l\u2019\u00c9tat \u00e0 Tol\u00e8de; Avocate de l\u2019\u00c9tat aupr\u00e8s du Tribunal sup\u00e9rieur de justice et des juridictions de Madrid (ordre p\u00e9nal et ordre civil); Avocate de l\u2019\u00c9tat au Minist\u00e8re de l\u2019Int\u00e9rieur; Avocate de l\u2019\u00c9tat aupr\u00e8s de l\u2019Audiencia Nacional; et Avocate de l\u2019\u00c9tat \u00e0 la Sous-Direction G\u00e9n\u00e9rale des Affaires de l\u2019Union Europ\u00e9enne et Internationales (Secr\u00e9tariat d\u2019\u00c9tat \u00e0 l\u2019Union Europ\u00e9enne), fonction dans le cadre de laquelle elle a exerc\u00e9 comme <strong>Agente du Royaume d\u2019Espagne devant la Cour de Justice de l\u2019Union Europ\u00e9enne<\/strong>.<\/p><p>Elle a \u00e9t\u00e9 Avocate de l\u2019\u00c9tat responsable des conventions d\u2019assistance juridique conclues avec le Groupe Correos, la Sociedad Estatal Hullera del Norte, S.A. (HUNOSA) et l\u2019Autorit\u00e9 Ind\u00e9pendante de Responsabilit\u00e9 Budg\u00e9taire (AIReF), en apportant une assistance \u00e0 leurs organes de gouvernance en mati\u00e8re de droit public et de droit de l\u2019Union.<\/p><p>Elle a conseill\u00e9 des Administrations, des entit\u00e9s publiques entrepreneuriales, des fondations publiques et des clients priv\u00e9s en mati\u00e8re de contrats publics et priv\u00e9s, de concessions, de proc\u00e9dures r\u00e9pressives administratives, de droits r\u00e9els et de domaine public (eaux, mines, for\u00eats, etc.), de droit des soci\u00e9t\u00e9s et de conformit\u00e9 r\u00e9glementaire, en participant activement \u00e0 des conseils, comit\u00e9s internes et organes de supervision.<\/p><p>Depuis 2018, elle se trouve en situation de disponibilit\u00e9 volontaire. Elle a exerc\u00e9 en qualit\u00e9 d\u2019of counsel et d\u2019associ\u00e9e au sein de diff\u00e9rents cabinets d\u2019avocats, dans les d\u00e9partements de r\u00e9solution des litiges, contentieux et arbitrage, et droit public.<\/p><p>Ver\u00f3nica a \u00e9t\u00e9 d\u00e9sign\u00e9e arbitre unique dans des arbitrages administr\u00e9s par la Cour espagnole d\u2019arbitrage (CEA) et la Cour d\u2019arbitrage de Madrid (CAM) et est, depuis novembre 2025, arbitre titulaire de la Cour civile et commerciale d\u2019arbitrage (CIMA).<\/p><p>Elle exerce actuellement comme avocate et arbitre ind\u00e9pendante.<\/p>\t\t\t\t\t\t\t\t<\/div>\n\t\t\t\t<\/div>\n\t\t\t\t<\/div>\n\t\t\t\t<div class=\"elementor-element elementor-element-0baa518 elementor-tablet-align-center elementor-align-center elementor-invisible elementor-widget elementor-widget-button\" data-id=\"0baa518\" data-element_type=\"widget\" data-e-type=\"widget\" data-settings=\"{&quot;_animation&quot;:&quot;fadeInDown&quot;}\" data-widget_type=\"button.default\">\n\t\t\t\t\t\t\t\t\t\t<a class=\"elementor-button elementor-button-link elementor-size-sm\" href=\"https:\/\/veronicaestercasas.com\/wp-content\/uploads\/2026\/03\/CV-VERONICA-ESTER-CASAS-FR.pdf\" target=\"_blank\">\n\t\t\t\t\t\t<span class=\"elementor-button-content-wrapper\">\n\t\t\t\t\t\t\t\t\t<span class=\"elementor-button-text\">CV COMPLET<\/span>\n\t\t\t\t\t<\/span>\n\t\t\t\t\t<\/a>\n\t\t\t\t\t\t\t\t<\/div>\n\t\t\t\t<\/div>\n\t\t<div class=\"elementor-element elementor-element-702b27c e-flex e-con-boxed e-con e-parent\" data-id=\"702b27c\" data-element_type=\"container\" data-e-type=\"container\">\n\t\t\t\t\t<div class=\"e-con-inner\">\n\t\t\t\t\t<\/div>\n\t\t\t\t<\/div>\n\t\t<div class=\"elementor-element elementor-element-1ef3e24 e-flex e-con-boxed e-con e-parent\" data-id=\"1ef3e24\" data-element_type=\"container\" data-e-type=\"container\">\n\t\t\t\t\t<div class=\"e-con-inner\">\n\t\t\t\t\t<\/div>\n\t\t\t\t<\/div>\n\t\t\t\t<\/div>\n\t\t","protected":false},"excerpt":{"rendered":"<p>Biographie Dipl\u00f4m\u00e9e en Droit et Conseill\u00e8re Juridique d&rsquo;Entreprise de l\u2019Universidad Pontificia Comillas (ICADE, E-1) et Master en Philosophie. Elle exerce depuis l\u2019an 2000 en qualit\u00e9 d\u2019Avocate de l\u2019\u00c9tat et a occup\u00e9, notamment, les fonctions suivantes : Avocate de l\u2019\u00c9tat \u00e0 Tol\u00e8de; Avocate de l\u2019\u00c9tat aupr\u00e8s du Tribunal sup\u00e9rieur de justice et des juridictions de Madrid [&hellip;]<\/p>\n","protected":false},"author":1,"featured_media":1753,"parent":0,"menu_order":0,"comment_status":"closed","ping_status":"closed","template":"elementor_header_footer","meta":{"footnotes":""},"class_list":["post-1780","page","type-page","status-publish","has-post-thumbnail","hentry"],"yoast_head":"<!-- This site is optimized with the Yoast SEO plugin v27.2 - https:\/\/yoast.com\/product\/yoast-seo-wordpress\/ -->\n<title>Biographie - Ver\u00f3nica Ester Casas<\/title>\n<meta name=\"robots\" content=\"index, follow, max-snippet:-1, max-image-preview:large, max-video-preview:-1\" \/>\n<link rel=\"canonical\" href=\"https:\/\/veronicaestercasas.com\/fr\/biographie\/\" \/>\n<meta property=\"og:locale\" content=\"fr_FR\" \/>\n<meta property=\"og:type\" content=\"article\" \/>\n<meta property=\"og:title\" content=\"Biographie - Ver\u00f3nica Ester Casas\" \/>\n<meta property=\"og:description\" content=\"Biographie Dipl\u00f4m\u00e9e en Droit et Conseill\u00e8re Juridique d&rsquo;Entreprise de l\u2019Universidad Pontificia Comillas (ICADE, E-1) et Master en Philosophie. Elle exerce depuis l\u2019an 2000 en qualit\u00e9 d\u2019Avocate de l\u2019\u00c9tat et a occup\u00e9, notamment, les fonctions suivantes : Avocate de l\u2019\u00c9tat \u00e0 Tol\u00e8de; Avocate de l\u2019\u00c9tat aupr\u00e8s du Tribunal sup\u00e9rieur de justice et des juridictions de Madrid [&hellip;]\" \/>\n<meta property=\"og:url\" content=\"https:\/\/veronicaestercasas.com\/fr\/biographie\/\" \/>\n<meta property=\"og:site_name\" content=\"Ver\u00f3nica Ester Casas\" \/>\n<meta property=\"article:publisher\" content=\"https:\/\/www.linkedin.com\/in\/veronicaestercasas\" \/>\n<meta property=\"article:modified_time\" content=\"2026-03-11T15:28:46+00:00\" \/>\n<meta property=\"og:image\" content=\"https:\/\/veronicaestercasas.com\/wp-content\/uploads\/2026\/02\/Homepage-400_380.jpg\" \/>\n\t<meta property=\"og:image:width\" content=\"400\" \/>\n\t<meta property=\"og:image:height\" content=\"380\" \/>\n\t<meta property=\"og:image:type\" content=\"image\/jpeg\" \/>\n<meta name=\"twitter:card\" content=\"summary_large_image\" \/>\n<meta name=\"twitter:label1\" content=\"Dur\u00e9e de lecture estim\u00e9e\" \/>\n\t<meta name=\"twitter:data1\" content=\"2 minutes\" \/>\n<script type=\"application\/ld+json\" class=\"yoast-schema-graph\">{\"@context\":\"https:\/\/schema.org\",\"@graph\":[{\"@type\":\"WebPage\",\"@id\":\"https:\/\/veronicaestercasas.com\/fr\/biographie\/\",\"url\":\"https:\/\/veronicaestercasas.com\/fr\/biographie\/\",\"name\":\"Biographie - Ver\u00f3nica Ester Casas\",\"isPartOf\":{\"@id\":\"https:\/\/veronicaestercasas.com\/fr\/#website\"},\"primaryImageOfPage\":{\"@id\":\"https:\/\/veronicaestercasas.com\/fr\/biographie\/#primaryimage\"},\"image\":{\"@id\":\"https:\/\/veronicaestercasas.com\/fr\/biographie\/#primaryimage\"},\"thumbnailUrl\":\"https:\/\/veronicaestercasas.com\/wp-content\/uploads\/2026\/02\/Homepage-400_380.jpg\",\"datePublished\":\"2026-02-27T17:50:31+00:00\",\"dateModified\":\"2026-03-11T15:28:46+00:00\",\"breadcrumb\":{\"@id\":\"https:\/\/veronicaestercasas.com\/fr\/biographie\/#breadcrumb\"},\"inLanguage\":\"fr-FR\",\"potentialAction\":[{\"@type\":\"ReadAction\",\"target\":[\"https:\/\/veronicaestercasas.com\/fr\/biographie\/\"]}]},{\"@type\":\"ImageObject\",\"inLanguage\":\"fr-FR\",\"@id\":\"https:\/\/veronicaestercasas.com\/fr\/biographie\/#primaryimage\",\"url\":\"https:\/\/veronicaestercasas.com\/wp-content\/uploads\/2026\/02\/Homepage-400_380.jpg\",\"contentUrl\":\"https:\/\/veronicaestercasas.com\/wp-content\/uploads\/2026\/02\/Homepage-400_380.jpg\",\"width\":400,\"height\":380},{\"@type\":\"BreadcrumbList\",\"@id\":\"https:\/\/veronicaestercasas.com\/fr\/biographie\/#breadcrumb\",\"itemListElement\":[{\"@type\":\"ListItem\",\"position\":1,\"name\":\"Portada\",\"item\":\"https:\/\/veronicaestercasas.com\/fr\/\"},{\"@type\":\"ListItem\",\"position\":2,\"name\":\"Biographie\"}]},{\"@type\":\"WebSite\",\"@id\":\"https:\/\/veronicaestercasas.com\/fr\/#website\",\"url\":\"https:\/\/veronicaestercasas.com\/fr\/\",\"name\":\"Ver\u00f3nica Ester Casas\",\"description\":\"Abogado y \u00e1rbitro independiente\",\"publisher\":{\"@id\":\"https:\/\/veronicaestercasas.com\/fr\/#organization\"},\"potentialAction\":[{\"@type\":\"SearchAction\",\"target\":{\"@type\":\"EntryPoint\",\"urlTemplate\":\"https:\/\/veronicaestercasas.com\/fr\/?s={search_term_string}\"},\"query-input\":{\"@type\":\"PropertyValueSpecification\",\"valueRequired\":true,\"valueName\":\"search_term_string\"}}],\"inLanguage\":\"fr-FR\"},{\"@type\":\"Organization\",\"@id\":\"https:\/\/veronicaestercasas.com\/fr\/#organization\",\"name\":\"Ver\u00f3nica Ester Casas\",\"url\":\"https:\/\/veronicaestercasas.com\/fr\/\",\"logo\":{\"@type\":\"ImageObject\",\"inLanguage\":\"fr-FR\",\"@id\":\"https:\/\/veronicaestercasas.com\/fr\/#\/schema\/logo\/image\/\",\"url\":\"https:\/\/veronicaestercasas.com\/wp-content\/uploads\/2026\/02\/VEC-LOGO.png\",\"contentUrl\":\"https:\/\/veronicaestercasas.com\/wp-content\/uploads\/2026\/02\/VEC-LOGO.png\",\"width\":1500,\"height\":400,\"caption\":\"Ver\u00f3nica Ester Casas\"},\"image\":{\"@id\":\"https:\/\/veronicaestercasas.com\/fr\/#\/schema\/logo\/image\/\"},\"sameAs\":[\"https:\/\/www.linkedin.com\/in\/veronicaestercasas\"]}]}<\/script>\n<!-- \/ Yoast SEO plugin. -->","yoast_head_json":{"title":"Biographie - Ver\u00f3nica Ester Casas","robots":{"index":"index","follow":"follow","max-snippet":"max-snippet:-1","max-image-preview":"max-image-preview:large","max-video-preview":"max-video-preview:-1"},"canonical":"https:\/\/veronicaestercasas.com\/fr\/biographie\/","og_locale":"fr_FR","og_type":"article","og_title":"Biographie - Ver\u00f3nica Ester Casas","og_description":"Biographie Dipl\u00f4m\u00e9e en Droit et Conseill\u00e8re Juridique d&rsquo;Entreprise de l\u2019Universidad Pontificia Comillas (ICADE, E-1) et Master en Philosophie. Elle exerce depuis l\u2019an 2000 en qualit\u00e9 d\u2019Avocate de l\u2019\u00c9tat et a occup\u00e9, notamment, les fonctions suivantes : Avocate de l\u2019\u00c9tat \u00e0 Tol\u00e8de; Avocate de l\u2019\u00c9tat aupr\u00e8s du Tribunal sup\u00e9rieur de justice et des juridictions de Madrid [&hellip;]","og_url":"https:\/\/veronicaestercasas.com\/fr\/biographie\/","og_site_name":"Ver\u00f3nica Ester Casas","article_publisher":"https:\/\/www.linkedin.com\/in\/veronicaestercasas","article_modified_time":"2026-03-11T15:28:46+00:00","og_image":[{"width":400,"height":380,"url":"https:\/\/veronicaestercasas.com\/wp-content\/uploads\/2026\/02\/Homepage-400_380.jpg","type":"image\/jpeg"}],"twitter_card":"summary_large_image","twitter_misc":{"Dur\u00e9e de lecture estim\u00e9e":"2 minutes"},"schema":{"@context":"https:\/\/schema.org","@graph":[{"@type":"WebPage","@id":"https:\/\/veronicaestercasas.com\/fr\/biographie\/","url":"https:\/\/veronicaestercasas.com\/fr\/biographie\/","name":"Biographie - Ver\u00f3nica Ester Casas","isPartOf":{"@id":"https:\/\/veronicaestercasas.com\/fr\/#website"},"primaryImageOfPage":{"@id":"https:\/\/veronicaestercasas.com\/fr\/biographie\/#primaryimage"},"image":{"@id":"https:\/\/veronicaestercasas.com\/fr\/biographie\/#primaryimage"},"thumbnailUrl":"https:\/\/veronicaestercasas.com\/wp-content\/uploads\/2026\/02\/Homepage-400_380.jpg","datePublished":"2026-02-27T17:50:31+00:00","dateModified":"2026-03-11T15:28:46+00:00","breadcrumb":{"@id":"https:\/\/veronicaestercasas.com\/fr\/biographie\/#breadcrumb"},"inLanguage":"fr-FR","potentialAction":[{"@type":"ReadAction","target":["https:\/\/veronicaestercasas.com\/fr\/biographie\/"]}]},{"@type":"ImageObject","inLanguage":"fr-FR","@id":"https:\/\/veronicaestercasas.com\/fr\/biographie\/#primaryimage","url":"https:\/\/veronicaestercasas.com\/wp-content\/uploads\/2026\/02\/Homepage-400_380.jpg","contentUrl":"https:\/\/veronicaestercasas.com\/wp-content\/uploads\/2026\/02\/Homepage-400_380.jpg","width":400,"height":380},{"@type":"BreadcrumbList","@id":"https:\/\/veronicaestercasas.com\/fr\/biographie\/#breadcrumb","itemListElement":[{"@type":"ListItem","position":1,"name":"Portada","item":"https:\/\/veronicaestercasas.com\/fr\/"},{"@type":"ListItem","position":2,"name":"Biographie"}]},{"@type":"WebSite","@id":"https:\/\/veronicaestercasas.com\/fr\/#website","url":"https:\/\/veronicaestercasas.com\/fr\/","name":"Ver\u00f3nica Ester Casas","description":"Abogado y \u00e1rbitro independiente","publisher":{"@id":"https:\/\/veronicaestercasas.com\/fr\/#organization"},"potentialAction":[{"@type":"SearchAction","target":{"@type":"EntryPoint","urlTemplate":"https:\/\/veronicaestercasas.com\/fr\/?s={search_term_string}"},"query-input":{"@type":"PropertyValueSpecification","valueRequired":true,"valueName":"search_term_string"}}],"inLanguage":"fr-FR"},{"@type":"Organization","@id":"https:\/\/veronicaestercasas.com\/fr\/#organization","name":"Ver\u00f3nica Ester Casas","url":"https:\/\/veronicaestercasas.com\/fr\/","logo":{"@type":"ImageObject","inLanguage":"fr-FR","@id":"https:\/\/veronicaestercasas.com\/fr\/#\/schema\/logo\/image\/","url":"https:\/\/veronicaestercasas.com\/wp-content\/uploads\/2026\/02\/VEC-LOGO.png","contentUrl":"https:\/\/veronicaestercasas.com\/wp-content\/uploads\/2026\/02\/VEC-LOGO.png","width":1500,"height":400,"caption":"Ver\u00f3nica Ester Casas"},"image":{"@id":"https:\/\/veronicaestercasas.com\/fr\/#\/schema\/logo\/image\/"},"sameAs":["https:\/\/www.linkedin.com\/in\/veronicaestercasas"]}]}},"_links":{"self":[{"href":"https:\/\/veronicaestercasas.com\/fr\/wp-json\/wp\/v2\/pages\/1780","targetHints":{"allow":["GET"]}}],"collection":[{"href":"https:\/\/veronicaestercasas.com\/fr\/wp-json\/wp\/v2\/pages"}],"about":[{"href":"https:\/\/veronicaestercasas.com\/fr\/wp-json\/wp\/v2\/types\/page"}],"author":[{"embeddable":true,"href":"https:\/\/veronicaestercasas.com\/fr\/wp-json\/wp\/v2\/users\/1"}],"replies":[{"embeddable":true,"href":"https:\/\/veronicaestercasas.com\/fr\/wp-json\/wp\/v2\/comments?post=1780"}],"version-history":[{"count":19,"href":"https:\/\/veronicaestercasas.com\/fr\/wp-json\/wp\/v2\/pages\/1780\/revisions"}],"predecessor-version":[{"id":2133,"href":"https:\/\/veronicaestercasas.com\/fr\/wp-json\/wp\/v2\/pages\/1780\/revisions\/2133"}],"wp:featuredmedia":[{"embeddable":true,"href":"https:\/\/veronicaestercasas.com\/fr\/wp-json\/wp\/v2\/media\/1753"}],"wp:attachment":[{"href":"https:\/\/veronicaestercasas.com\/fr\/wp-json\/wp\/v2\/media?parent=1780"}],"curies":[{"name":"wp","href":"https:\/\/api.w.org\/{rel}","templated":true}]}}