{"id":1782,"date":"2026-03-08T14:20:47","date_gmt":"2026-03-08T13:20:47","guid":{"rendered":"https:\/\/veronicaestercasas.com\/domaines-dexpertise\/"},"modified":"2026-03-09T12:01:05","modified_gmt":"2026-03-09T11:01:05","slug":"domaines-dexpertise","status":"publish","type":"page","link":"https:\/\/veronicaestercasas.com\/fr\/domaines-dexpertise\/","title":{"rendered":"Domaines d\u2019expertise"},"content":{"rendered":"\t\t<div data-elementor-type=\"wp-page\" data-elementor-id=\"1782\" class=\"elementor elementor-1782 elementor-1673\">\n\t\t\t\t<div class=\"elementor-element elementor-element-10ab63b e-con-full e-flex e-con e-parent\" data-id=\"10ab63b\" data-element_type=\"container\" data-e-type=\"container\">\n\t\t\t\t<div class=\"elementor-element elementor-element-7a079370 elementor-widget elementor-widget-heading\" data-id=\"7a079370\" data-element_type=\"widget\" data-e-type=\"widget\" data-widget_type=\"heading.default\">\n\t\t\t\t\t<h2 class=\"elementor-heading-title elementor-size-default\">Domaines d\u2019expertise<\/h2>\t\t\t\t<\/div>\n\t\t\t\t<div class=\"elementor-element elementor-element-ef11ca4 elementor-widget-divider--view-line elementor-widget elementor-widget-divider\" data-id=\"ef11ca4\" data-element_type=\"widget\" data-e-type=\"widget\" data-widget_type=\"divider.default\">\n\t\t\t\t\t\t\t<div class=\"elementor-divider\">\n\t\t\t<span class=\"elementor-divider-separator\">\n\t\t\t\t\t\t<\/span>\n\t\t<\/div>\n\t\t\t\t\t\t<\/div>\n\t\t\t\t<\/div>\n\t\t<div class=\"elementor-element elementor-element-2d741df e-flex e-con-boxed e-con e-parent\" data-id=\"2d741df\" data-element_type=\"container\" data-e-type=\"container\">\n\t\t\t\t\t<div class=\"e-con-inner\">\n\t\t\t\t<div class=\"elementor-element elementor-element-631a9e4 elementor-widget elementor-widget-image\" data-id=\"631a9e4\" data-element_type=\"widget\" data-e-type=\"widget\" data-widget_type=\"image.default\">\n\t\t\t\t\t\t\t\t\t\t\t\t\t\t\t<img decoding=\"async\" width=\"150\" height=\"150\" src=\"https:\/\/veronicaestercasas.com\/wp-content\/uploads\/2026\/02\/ADMINISTRACIONES-PUBLICAS-150x150.png\" class=\"attachment-thumbnail size-thumbnail wp-image-1767\" alt=\"ADMINISTRAACIONES P\u00daBLICAS\" srcset=\"https:\/\/veronicaestercasas.com\/wp-content\/uploads\/2026\/02\/ADMINISTRACIONES-PUBLICAS-150x150.png 150w, https:\/\/veronicaestercasas.com\/wp-content\/uploads\/2026\/02\/ADMINISTRACIONES-PUBLICAS-300x300.png 300w, https:\/\/veronicaestercasas.com\/wp-content\/uploads\/2026\/02\/ADMINISTRACIONES-PUBLICAS.png 500w\" sizes=\"(max-width: 150px) 100vw, 150px\" \/>\t\t\t\t\t\t\t\t\t\t\t\t\t\t\t<\/div>\n\t\t\t\t<div class=\"elementor-element elementor-element-9535b1c elementor-widget elementor-widget-heading\" data-id=\"9535b1c\" data-element_type=\"widget\" data-e-type=\"widget\" data-widget_type=\"heading.default\">\n\t\t\t\t\t<h2 class=\"elementor-heading-title elementor-size-default\">Union Europ\u00e9enne<\/h2>\t\t\t\t<\/div>\n\t\t\t\t<div class=\"elementor-element elementor-element-1356882 elementor-widget elementor-widget-text-editor\" data-id=\"1356882\" data-element_type=\"widget\" data-e-type=\"widget\" data-widget_type=\"text-editor.default\">\n\t\t\t\t\t\t\t\t\tVer\u00f3nica dispose d\u2019une exp\u00e9rience particuli\u00e8rement \u00e9tendue en droit de l\u2019Union Europ\u00e9enne, tant en mati\u00e8re de conseil qu\u2019en contentieux.<br>\n<br>\nElle a repr\u00e9sent\u00e9 le Royaume d\u2019Espagne dans de nombreuses proc\u00e9dures devant les juridictions de l\u2019Union Europ\u00e9enne et a \u00e9galement conseill\u00e9 des clients priv\u00e9s dans des litiges et proc\u00e9dures impliquant l\u2019interpr\u00e9tation ou l\u2019application du droit de l\u2019Union.<br>\n<br>\nElle conseille sur des questions institutionnelles, r\u00e9glementaires et contentieuses, y compris dans le cadre de proc\u00e9dures devant la Commission Europ\u00e9enne, la Cour de justice de l\u2019Union Europ\u00e9enne et, selon les cas, la Cour europ\u00e9enne des droits de l\u2019homme.<br>\n<br>\nCette pratique lui permet d\u2019appr\u00e9cier avec pr\u00e9cision l\u2019interaction entre le droit national, le droit de l\u2019Union Europ\u00e9enne et les cadres r\u00e9glementaires sectoriels, y compris lorsque ces questions se posent dans le contexte plus large d\u2019un arbitrage ou d\u2019un contentieux strat\u00e9gique.\t\t\t\t\t\t\t\t<\/div>\n\t\t\t\t\t<\/div>\n\t\t\t\t<\/div>\n\t\t<div class=\"elementor-element elementor-element-2c0b223 e-flex e-con-boxed e-con e-parent\" data-id=\"2c0b223\" data-element_type=\"container\" data-e-type=\"container\">\n\t\t\t\t\t<div class=\"e-con-inner\">\n\t\t\t\t<div class=\"elementor-element elementor-element-421b748 elementor-widget elementor-widget-image\" data-id=\"421b748\" data-element_type=\"widget\" data-e-type=\"widget\" data-widget_type=\"image.default\">\n\t\t\t\t\t\t\t\t\t\t\t\t\t\t\t<img decoding=\"async\" width=\"150\" height=\"150\" src=\"https:\/\/veronicaestercasas.com\/wp-content\/uploads\/2026\/02\/ARBITRAJE-150x150.png\" class=\"attachment-thumbnail size-thumbnail wp-image-1769\" alt=\"\u2022 Arbitraje nacional e internacional. Con experiencia en conflictos jur\u00eddicos ante organismos internacionales.\" srcset=\"https:\/\/veronicaestercasas.com\/wp-content\/uploads\/2026\/02\/ARBITRAJE-150x150.png 150w, https:\/\/veronicaestercasas.com\/wp-content\/uploads\/2026\/02\/ARBITRAJE-300x300.png 300w, https:\/\/veronicaestercasas.com\/wp-content\/uploads\/2026\/02\/ARBITRAJE.png 500w\" sizes=\"(max-width: 150px) 100vw, 150px\" \/>\t\t\t\t\t\t\t\t\t\t\t\t\t\t\t<\/div>\n\t\t\t\t<div class=\"elementor-element elementor-element-837ffa1 elementor-widget elementor-widget-heading\" data-id=\"837ffa1\" data-element_type=\"widget\" data-e-type=\"widget\" data-widget_type=\"heading.default\">\n\t\t\t\t\t<h2 class=\"elementor-heading-title elementor-size-default\">Arbitrage<\/h2>\t\t\t\t<\/div>\n\t\t\t\t<div class=\"elementor-element elementor-element-5246e72 elementor-widget elementor-widget-text-editor\" data-id=\"5246e72\" data-element_type=\"widget\" data-e-type=\"widget\" data-widget_type=\"text-editor.default\">\n\t\t\t\t\t\t\t\t\tVer\u00f3nica est intervenue en arbitrage, tant en qualit\u00e9 d\u2019avocate que d\u2019arbitre, dans des litiges complexes soulevant fr\u00e9quemment des questions \u00e9conomiques, r\u00e9glementaires ou institutionnelles de premier plan.<br>\n<br>\nSon approche de l\u2019arbitrage conjugue solidit\u00e9 technique, vision strat\u00e9gique et ouverture internationale, ce qui la place dans une position particuli\u00e8rement adapt\u00e9e aux dossiers sophistiqu\u00e9s, notamment dans les secteurs r\u00e9gul\u00e9s ou lorsque le c\u0153ur du litige rel\u00e8ve du droit public ou du droit de l\u2019Union Europ\u00e9enne.\t\t\t\t\t\t\t\t<\/div>\n\t\t\t\t\t<\/div>\n\t\t\t\t<\/div>\n\t\t<div class=\"elementor-element elementor-element-87c9959 e-flex e-con-boxed e-con e-parent\" data-id=\"87c9959\" data-element_type=\"container\" data-e-type=\"container\">\n\t\t\t\t\t<div class=\"e-con-inner\">\n\t\t\t\t<div class=\"elementor-element elementor-element-708d637 elementor-widget elementor-widget-image\" data-id=\"708d637\" data-element_type=\"widget\" data-e-type=\"widget\" data-widget_type=\"image.default\">\n\t\t\t\t\t\t\t\t\t\t\t\t\t\t\t<img decoding=\"async\" width=\"150\" height=\"150\" src=\"https:\/\/veronicaestercasas.com\/wp-content\/uploads\/2026\/02\/CONTRATACION-150x150.png\" class=\"attachment-thumbnail size-thumbnail wp-image-1771\" alt=\"\" srcset=\"https:\/\/veronicaestercasas.com\/wp-content\/uploads\/2026\/02\/CONTRATACION-150x150.png 150w, https:\/\/veronicaestercasas.com\/wp-content\/uploads\/2026\/02\/CONTRATACION-300x300.png 300w, https:\/\/veronicaestercasas.com\/wp-content\/uploads\/2026\/02\/CONTRATACION.png 500w\" sizes=\"(max-width: 150px) 100vw, 150px\" \/>\t\t\t\t\t\t\t\t\t\t\t\t\t\t\t<\/div>\n\t\t\t\t<div class=\"elementor-element elementor-element-e24dddc elementor-widget elementor-widget-heading\" data-id=\"e24dddc\" data-element_type=\"widget\" data-e-type=\"widget\" data-widget_type=\"heading.default\">\n\t\t\t\t\t<h2 class=\"elementor-heading-title elementor-size-default\">Contentieux strat\u00e9gique<\/h2>\t\t\t\t<\/div>\n\t\t\t\t<div class=\"elementor-element elementor-element-285d2b0 elementor-widget elementor-widget-text-editor\" data-id=\"285d2b0\" data-element_type=\"widget\" data-e-type=\"widget\" data-widget_type=\"text-editor.default\">\n\t\t\t\t\t\t\t\t\tApr\u00e8s avoir dirig\u00e9 la strat\u00e9gie juridique dans plus de 3.000 affaires au cours de sa carri\u00e8re, Ver\u00f3nica dispose d\u2019une exp\u00e9rience exceptionnelle en contentieux civil et commercial, p\u00e9nal, administratif et Europ\u00e9en.<br>\n<br>\nElle intervient dans des litiges complexes exigeant une analyse strat\u00e9gique approfondie, en particulier lorsque plusieurs cadres juridiques se recoupent, lorsque les enjeux r\u00e9putationnels ou institutionnels sont \u00e9lev\u00e9s, ou lorsque le litige s\u2019inscrit dans un contexte plus large de n\u00e9gociation, de r\u00e9gulation ou d\u2019arbitrage.\t\t\t\t\t\t\t\t<\/div>\n\t\t\t\t\t<\/div>\n\t\t\t\t<\/div>\n\t\t<div class=\"elementor-element elementor-element-5c44df6 e-flex e-con-boxed e-con e-parent\" data-id=\"5c44df6\" data-element_type=\"container\" data-e-type=\"container\">\n\t\t\t\t\t<div class=\"e-con-inner\">\n\t\t\t\t<div class=\"elementor-element elementor-element-a641029 elementor-widget elementor-widget-image\" data-id=\"a641029\" data-element_type=\"widget\" data-e-type=\"widget\" data-widget_type=\"image.default\">\n\t\t\t\t\t\t\t\t\t\t\t\t\t\t\t<img loading=\"lazy\" decoding=\"async\" width=\"150\" height=\"150\" src=\"https:\/\/veronicaestercasas.com\/wp-content\/uploads\/2026\/02\/COMPETENCIA-150x150.png\" class=\"attachment-thumbnail size-thumbnail wp-image-1770\" alt=\"\" srcset=\"https:\/\/veronicaestercasas.com\/wp-content\/uploads\/2026\/02\/COMPETENCIA-150x150.png 150w, https:\/\/veronicaestercasas.com\/wp-content\/uploads\/2026\/02\/COMPETENCIA-300x300.png 300w, https:\/\/veronicaestercasas.com\/wp-content\/uploads\/2026\/02\/COMPETENCIA.png 500w\" sizes=\"(max-width: 150px) 100vw, 150px\" \/>\t\t\t\t\t\t\t\t\t\t\t\t\t\t\t<\/div>\n\t\t\t\t<div class=\"elementor-element elementor-element-8025e2f elementor-widget elementor-widget-heading\" data-id=\"8025e2f\" data-element_type=\"widget\" data-e-type=\"widget\" data-widget_type=\"heading.default\">\n\t\t\t\t\t<h2 class=\"elementor-heading-title elementor-size-default\">Secteur public et autorit\u00e9s de r\u00e9gulation<\/h2>\t\t\t\t<\/div>\n\t\t\t\t<div class=\"elementor-element elementor-element-b510044 elementor-widget elementor-widget-text-editor\" data-id=\"b510044\" data-element_type=\"widget\" data-e-type=\"widget\" data-widget_type=\"text-editor.default\">\n\t\t\t\t\t\t\t\t\tElle conseille ses clients dans leurs relations avec les autorit\u00e9s publiques, les organismes de r\u00e9gulation et les entit\u00e9s du secteur public, ainsi que dans les litiges les impliquant.<br>\n<br>\nSon exp\u00e9rience couvre les march\u00e9s publics, les concessions, les subventions, le domaine public, l\u2019expropriation forc\u00e9e et les proc\u00e9dures administratives d\u2019ex\u00e9cution.<br>\n<br>\nElle conseille \u00e9galement sur l\u2019analyse, la n\u00e9gociation et l\u2019\u00e9valuation d\u2019initiatives l\u00e9gislatives et r\u00e9glementaires.\t\t\t\t\t\t\t\t<\/div>\n\t\t\t\t\t<\/div>\n\t\t\t\t<\/div>\n\t\t<div class=\"elementor-element elementor-element-fa96bcd e-flex e-con-boxed e-con e-parent\" data-id=\"fa96bcd\" data-element_type=\"container\" data-e-type=\"container\">\n\t\t\t\t\t<div class=\"e-con-inner\">\n\t\t\t\t<div class=\"elementor-element elementor-element-c0bcebd elementor-widget elementor-widget-image\" data-id=\"c0bcebd\" data-element_type=\"widget\" data-e-type=\"widget\" data-widget_type=\"image.default\">\n\t\t\t\t\t\t\t\t\t\t\t\t\t\t\t<img loading=\"lazy\" decoding=\"async\" width=\"150\" height=\"150\" src=\"https:\/\/veronicaestercasas.com\/wp-content\/uploads\/2026\/02\/NORMAS-150x150.png\" class=\"attachment-thumbnail size-thumbnail wp-image-1768\" alt=\"Negociaci\u00f3n de nuevos proyectos normativos\" srcset=\"https:\/\/veronicaestercasas.com\/wp-content\/uploads\/2026\/02\/NORMAS-150x150.png 150w, https:\/\/veronicaestercasas.com\/wp-content\/uploads\/2026\/02\/NORMAS-300x300.png 300w, https:\/\/veronicaestercasas.com\/wp-content\/uploads\/2026\/02\/NORMAS.png 500w\" sizes=\"(max-width: 150px) 100vw, 150px\" \/>\t\t\t\t\t\t\t\t\t\t\t\t\t\t\t<\/div>\n\t\t\t\t<div class=\"elementor-element elementor-element-7eff7f5 elementor-widget elementor-widget-heading\" data-id=\"7eff7f5\" data-element_type=\"widget\" data-e-type=\"widget\" data-widget_type=\"heading.default\">\n\t\t\t\t\t<h2 class=\"elementor-heading-title elementor-size-default\">Secteurs r\u00e9gul\u00e9s<\/h2>\t\t\t\t<\/div>\n\t\t\t\t<div class=\"elementor-element elementor-element-ad6eb82 elementor-widget elementor-widget-text-editor\" data-id=\"ad6eb82\" data-element_type=\"widget\" data-e-type=\"widget\" data-widget_type=\"text-editor.default\">\n\t\t\t\t\t\t\t\t\tElle dispose d\u2019une vaste exp\u00e9rience dans des secteurs fortement r\u00e9gul\u00e9s, notamment l\u2019\u00e9lectricit\u00e9, le p\u00e9trole et le gaz, la sant\u00e9 et l\u2019industrie pharmaceutique, les t\u00e9l\u00e9communications, les services financiers et les assurances.<br>\n<br>\nElle conseille ses clients sur l\u2019interpr\u00e9tation et la mise en \u0153uvre de nouveaux cadres r\u00e9glementaires, r\u00e9dige des consultations sur des questions complexes de droit de l\u2019Union Europ\u00e9enne et de droit constitutionnel, et conduit des recours contre des mesures r\u00e9glementaires devant les juridictions comp\u00e9tentes, y compris la Cour supr\u00eame et le Tribunal Constitutionnel.<br>\n<br>\nCette pratique sectorielle nourrit \u00e9galement sa compr\u00e9hension de l\u2019arbitrage et du contentieux dans les affaires o\u00f9 la r\u00e9gulation ne constitue pas seulement le contexte du litige, mais souvent l\u2019un de ses \u00e9l\u00e9ments centraux.\t\t\t\t\t\t\t\t<\/div>\n\t\t\t\t\t<\/div>\n\t\t\t\t<\/div>\n\t\t\t\t<\/div>\n\t\t","protected":false},"excerpt":{"rendered":"<p>Domaines d\u2019expertise Union Europ\u00e9enne Ver\u00f3nica dispose d\u2019une exp\u00e9rience particuli\u00e8rement \u00e9tendue en droit de l\u2019Union Europ\u00e9enne, tant en mati\u00e8re de conseil qu\u2019en contentieux. Elle a repr\u00e9sent\u00e9 le Royaume d\u2019Espagne dans de nombreuses proc\u00e9dures devant les juridictions de l\u2019Union Europ\u00e9enne et a \u00e9galement conseill\u00e9 des clients priv\u00e9s dans des litiges et proc\u00e9dures impliquant l\u2019interpr\u00e9tation ou l\u2019application du [&hellip;]<\/p>\n","protected":false},"author":1,"featured_media":1753,"parent":0,"menu_order":0,"comment_status":"closed","ping_status":"closed","template":"elementor_header_footer","meta":{"footnotes":""},"class_list":["post-1782","page","type-page","status-publish","has-post-thumbnail","hentry"],"yoast_head":"<!-- This site is optimized with the Yoast SEO plugin v27.2 - https:\/\/yoast.com\/product\/yoast-seo-wordpress\/ -->\n<title>Domaines d\u2019expertise - Ver\u00f3nica Ester Casas<\/title>\n<meta name=\"robots\" content=\"index, follow, max-snippet:-1, max-image-preview:large, max-video-preview:-1\" \/>\n<link rel=\"canonical\" href=\"https:\/\/veronicaestercasas.com\/fr\/domaines-dexpertise\/\" \/>\n<meta property=\"og:locale\" content=\"fr_FR\" \/>\n<meta property=\"og:type\" content=\"article\" \/>\n<meta property=\"og:title\" content=\"Domaines d\u2019expertise - Ver\u00f3nica Ester Casas\" \/>\n<meta property=\"og:description\" content=\"Domaines d\u2019expertise Union Europ\u00e9enne Ver\u00f3nica dispose d\u2019une exp\u00e9rience particuli\u00e8rement \u00e9tendue en droit de l\u2019Union Europ\u00e9enne, tant en mati\u00e8re de conseil qu\u2019en contentieux. Elle a repr\u00e9sent\u00e9 le Royaume d\u2019Espagne dans de nombreuses proc\u00e9dures devant les juridictions de l\u2019Union Europ\u00e9enne et a \u00e9galement conseill\u00e9 des clients priv\u00e9s dans des litiges et proc\u00e9dures impliquant l\u2019interpr\u00e9tation ou l\u2019application du [&hellip;]\" \/>\n<meta property=\"og:url\" content=\"https:\/\/veronicaestercasas.com\/fr\/domaines-dexpertise\/\" \/>\n<meta property=\"og:site_name\" content=\"Ver\u00f3nica Ester Casas\" \/>\n<meta property=\"article:publisher\" content=\"https:\/\/www.linkedin.com\/in\/veronicaestercasas\" \/>\n<meta property=\"article:modified_time\" content=\"2026-03-09T11:01:05+00:00\" \/>\n<meta property=\"og:image\" content=\"https:\/\/veronicaestercasas.com\/wp-content\/uploads\/2026\/02\/Homepage-400_380.jpg\" \/>\n\t<meta property=\"og:image:width\" content=\"400\" \/>\n\t<meta property=\"og:image:height\" content=\"380\" \/>\n\t<meta property=\"og:image:type\" content=\"image\/jpeg\" \/>\n<meta name=\"twitter:card\" content=\"summary_large_image\" \/>\n<meta name=\"twitter:label1\" content=\"Dur\u00e9e de lecture estim\u00e9e\" \/>\n\t<meta name=\"twitter:data1\" content=\"3 minutes\" \/>\n<script type=\"application\/ld+json\" class=\"yoast-schema-graph\">{\"@context\":\"https:\/\/schema.org\",\"@graph\":[{\"@type\":\"WebPage\",\"@id\":\"https:\/\/veronicaestercasas.com\/fr\/domaines-dexpertise\/\",\"url\":\"https:\/\/veronicaestercasas.com\/fr\/domaines-dexpertise\/\",\"name\":\"Domaines d\u2019expertise - Ver\u00f3nica Ester Casas\",\"isPartOf\":{\"@id\":\"https:\/\/veronicaestercasas.com\/fr\/#website\"},\"primaryImageOfPage\":{\"@id\":\"https:\/\/veronicaestercasas.com\/fr\/domaines-dexpertise\/#primaryimage\"},\"image\":{\"@id\":\"https:\/\/veronicaestercasas.com\/fr\/domaines-dexpertise\/#primaryimage\"},\"thumbnailUrl\":\"https:\/\/veronicaestercasas.com\/wp-content\/uploads\/2026\/02\/Homepage-400_380.jpg\",\"datePublished\":\"2026-03-08T13:20:47+00:00\",\"dateModified\":\"2026-03-09T11:01:05+00:00\",\"breadcrumb\":{\"@id\":\"https:\/\/veronicaestercasas.com\/fr\/domaines-dexpertise\/#breadcrumb\"},\"inLanguage\":\"fr-FR\",\"potentialAction\":[{\"@type\":\"ReadAction\",\"target\":[\"https:\/\/veronicaestercasas.com\/fr\/domaines-dexpertise\/\"]}]},{\"@type\":\"ImageObject\",\"inLanguage\":\"fr-FR\",\"@id\":\"https:\/\/veronicaestercasas.com\/fr\/domaines-dexpertise\/#primaryimage\",\"url\":\"https:\/\/veronicaestercasas.com\/wp-content\/uploads\/2026\/02\/Homepage-400_380.jpg\",\"contentUrl\":\"https:\/\/veronicaestercasas.com\/wp-content\/uploads\/2026\/02\/Homepage-400_380.jpg\",\"width\":400,\"height\":380},{\"@type\":\"BreadcrumbList\",\"@id\":\"https:\/\/veronicaestercasas.com\/fr\/domaines-dexpertise\/#breadcrumb\",\"itemListElement\":[{\"@type\":\"ListItem\",\"position\":1,\"name\":\"Portada\",\"item\":\"https:\/\/veronicaestercasas.com\/fr\/\"},{\"@type\":\"ListItem\",\"position\":2,\"name\":\"Domaines d\u2019expertise\"}]},{\"@type\":\"WebSite\",\"@id\":\"https:\/\/veronicaestercasas.com\/fr\/#website\",\"url\":\"https:\/\/veronicaestercasas.com\/fr\/\",\"name\":\"Ver\u00f3nica Ester Casas\",\"description\":\"Abogado y \u00e1rbitro independiente\",\"publisher\":{\"@id\":\"https:\/\/veronicaestercasas.com\/fr\/#organization\"},\"potentialAction\":[{\"@type\":\"SearchAction\",\"target\":{\"@type\":\"EntryPoint\",\"urlTemplate\":\"https:\/\/veronicaestercasas.com\/fr\/?s={search_term_string}\"},\"query-input\":{\"@type\":\"PropertyValueSpecification\",\"valueRequired\":true,\"valueName\":\"search_term_string\"}}],\"inLanguage\":\"fr-FR\"},{\"@type\":\"Organization\",\"@id\":\"https:\/\/veronicaestercasas.com\/fr\/#organization\",\"name\":\"Ver\u00f3nica Ester Casas\",\"url\":\"https:\/\/veronicaestercasas.com\/fr\/\",\"logo\":{\"@type\":\"ImageObject\",\"inLanguage\":\"fr-FR\",\"@id\":\"https:\/\/veronicaestercasas.com\/fr\/#\/schema\/logo\/image\/\",\"url\":\"https:\/\/veronicaestercasas.com\/wp-content\/uploads\/2026\/02\/VEC-LOGO.png\",\"contentUrl\":\"https:\/\/veronicaestercasas.com\/wp-content\/uploads\/2026\/02\/VEC-LOGO.png\",\"width\":1500,\"height\":400,\"caption\":\"Ver\u00f3nica Ester Casas\"},\"image\":{\"@id\":\"https:\/\/veronicaestercasas.com\/fr\/#\/schema\/logo\/image\/\"},\"sameAs\":[\"https:\/\/www.linkedin.com\/in\/veronicaestercasas\"]}]}<\/script>\n<!-- \/ Yoast SEO plugin. -->","yoast_head_json":{"title":"Domaines d\u2019expertise - Ver\u00f3nica Ester Casas","robots":{"index":"index","follow":"follow","max-snippet":"max-snippet:-1","max-image-preview":"max-image-preview:large","max-video-preview":"max-video-preview:-1"},"canonical":"https:\/\/veronicaestercasas.com\/fr\/domaines-dexpertise\/","og_locale":"fr_FR","og_type":"article","og_title":"Domaines d\u2019expertise - Ver\u00f3nica Ester Casas","og_description":"Domaines d\u2019expertise Union Europ\u00e9enne Ver\u00f3nica dispose d\u2019une exp\u00e9rience particuli\u00e8rement \u00e9tendue en droit de l\u2019Union Europ\u00e9enne, tant en mati\u00e8re de conseil qu\u2019en contentieux. Elle a repr\u00e9sent\u00e9 le Royaume d\u2019Espagne dans de nombreuses proc\u00e9dures devant les juridictions de l\u2019Union Europ\u00e9enne et a \u00e9galement conseill\u00e9 des clients priv\u00e9s dans des litiges et proc\u00e9dures impliquant l\u2019interpr\u00e9tation ou l\u2019application du [&hellip;]","og_url":"https:\/\/veronicaestercasas.com\/fr\/domaines-dexpertise\/","og_site_name":"Ver\u00f3nica Ester Casas","article_publisher":"https:\/\/www.linkedin.com\/in\/veronicaestercasas","article_modified_time":"2026-03-09T11:01:05+00:00","og_image":[{"width":400,"height":380,"url":"https:\/\/veronicaestercasas.com\/wp-content\/uploads\/2026\/02\/Homepage-400_380.jpg","type":"image\/jpeg"}],"twitter_card":"summary_large_image","twitter_misc":{"Dur\u00e9e de lecture estim\u00e9e":"3 minutes"},"schema":{"@context":"https:\/\/schema.org","@graph":[{"@type":"WebPage","@id":"https:\/\/veronicaestercasas.com\/fr\/domaines-dexpertise\/","url":"https:\/\/veronicaestercasas.com\/fr\/domaines-dexpertise\/","name":"Domaines d\u2019expertise - Ver\u00f3nica Ester Casas","isPartOf":{"@id":"https:\/\/veronicaestercasas.com\/fr\/#website"},"primaryImageOfPage":{"@id":"https:\/\/veronicaestercasas.com\/fr\/domaines-dexpertise\/#primaryimage"},"image":{"@id":"https:\/\/veronicaestercasas.com\/fr\/domaines-dexpertise\/#primaryimage"},"thumbnailUrl":"https:\/\/veronicaestercasas.com\/wp-content\/uploads\/2026\/02\/Homepage-400_380.jpg","datePublished":"2026-03-08T13:20:47+00:00","dateModified":"2026-03-09T11:01:05+00:00","breadcrumb":{"@id":"https:\/\/veronicaestercasas.com\/fr\/domaines-dexpertise\/#breadcrumb"},"inLanguage":"fr-FR","potentialAction":[{"@type":"ReadAction","target":["https:\/\/veronicaestercasas.com\/fr\/domaines-dexpertise\/"]}]},{"@type":"ImageObject","inLanguage":"fr-FR","@id":"https:\/\/veronicaestercasas.com\/fr\/domaines-dexpertise\/#primaryimage","url":"https:\/\/veronicaestercasas.com\/wp-content\/uploads\/2026\/02\/Homepage-400_380.jpg","contentUrl":"https:\/\/veronicaestercasas.com\/wp-content\/uploads\/2026\/02\/Homepage-400_380.jpg","width":400,"height":380},{"@type":"BreadcrumbList","@id":"https:\/\/veronicaestercasas.com\/fr\/domaines-dexpertise\/#breadcrumb","itemListElement":[{"@type":"ListItem","position":1,"name":"Portada","item":"https:\/\/veronicaestercasas.com\/fr\/"},{"@type":"ListItem","position":2,"name":"Domaines d\u2019expertise"}]},{"@type":"WebSite","@id":"https:\/\/veronicaestercasas.com\/fr\/#website","url":"https:\/\/veronicaestercasas.com\/fr\/","name":"Ver\u00f3nica Ester Casas","description":"Abogado y \u00e1rbitro independiente","publisher":{"@id":"https:\/\/veronicaestercasas.com\/fr\/#organization"},"potentialAction":[{"@type":"SearchAction","target":{"@type":"EntryPoint","urlTemplate":"https:\/\/veronicaestercasas.com\/fr\/?s={search_term_string}"},"query-input":{"@type":"PropertyValueSpecification","valueRequired":true,"valueName":"search_term_string"}}],"inLanguage":"fr-FR"},{"@type":"Organization","@id":"https:\/\/veronicaestercasas.com\/fr\/#organization","name":"Ver\u00f3nica Ester Casas","url":"https:\/\/veronicaestercasas.com\/fr\/","logo":{"@type":"ImageObject","inLanguage":"fr-FR","@id":"https:\/\/veronicaestercasas.com\/fr\/#\/schema\/logo\/image\/","url":"https:\/\/veronicaestercasas.com\/wp-content\/uploads\/2026\/02\/VEC-LOGO.png","contentUrl":"https:\/\/veronicaestercasas.com\/wp-content\/uploads\/2026\/02\/VEC-LOGO.png","width":1500,"height":400,"caption":"Ver\u00f3nica Ester Casas"},"image":{"@id":"https:\/\/veronicaestercasas.com\/fr\/#\/schema\/logo\/image\/"},"sameAs":["https:\/\/www.linkedin.com\/in\/veronicaestercasas"]}]}},"_links":{"self":[{"href":"https:\/\/veronicaestercasas.com\/fr\/wp-json\/wp\/v2\/pages\/1782","targetHints":{"allow":["GET"]}}],"collection":[{"href":"https:\/\/veronicaestercasas.com\/fr\/wp-json\/wp\/v2\/pages"}],"about":[{"href":"https:\/\/veronicaestercasas.com\/fr\/wp-json\/wp\/v2\/types\/page"}],"author":[{"embeddable":true,"href":"https:\/\/veronicaestercasas.com\/fr\/wp-json\/wp\/v2\/users\/1"}],"replies":[{"embeddable":true,"href":"https:\/\/veronicaestercasas.com\/fr\/wp-json\/wp\/v2\/comments?post=1782"}],"version-history":[{"count":31,"href":"https:\/\/veronicaestercasas.com\/fr\/wp-json\/wp\/v2\/pages\/1782\/revisions"}],"predecessor-version":[{"id":2049,"href":"https:\/\/veronicaestercasas.com\/fr\/wp-json\/wp\/v2\/pages\/1782\/revisions\/2049"}],"wp:featuredmedia":[{"embeddable":true,"href":"https:\/\/veronicaestercasas.com\/fr\/wp-json\/wp\/v2\/media\/1753"}],"wp:attachment":[{"href":"https:\/\/veronicaestercasas.com\/fr\/wp-json\/wp\/v2\/media?parent=1782"}],"curies":[{"name":"wp","href":"https:\/\/api.w.org\/{rel}","templated":true}]}}