{"id":1784,"date":"2026-02-28T11:38:25","date_gmt":"2026-02-28T10:38:25","guid":{"rendered":"https:\/\/veronicaestercasas.com\/activites-academiques-et-publications\/"},"modified":"2026-03-12T10:23:01","modified_gmt":"2026-03-12T09:23:01","slug":"activites-academiques-et-publications","status":"publish","type":"page","link":"https:\/\/veronicaestercasas.com\/fr\/activites-academiques-et-publications\/","title":{"rendered":"Activit\u00e9s &amp; publications"},"content":{"rendered":"\t\t<div data-elementor-type=\"wp-page\" data-elementor-id=\"1784\" class=\"elementor elementor-1784 elementor-870\">\n\t\t\t\t<div class=\"elementor-element elementor-element-10ab63b e-con-full e-flex e-con e-parent\" data-id=\"10ab63b\" data-element_type=\"container\" data-e-type=\"container\">\n\t\t\t\t<div class=\"elementor-element elementor-element-7a079370 elementor-widget elementor-widget-heading\" data-id=\"7a079370\" data-element_type=\"widget\" data-e-type=\"widget\" data-widget_type=\"heading.default\">\n\t\t\t\t\t<h2 class=\"elementor-heading-title elementor-size-default\">Activit\u00e9s acad\u00e9miques et publications<\/h2>\t\t\t\t<\/div>\n\t\t\t\t<div class=\"elementor-element elementor-element-467d6f9 elementor-widget__width-initial elementor-widget elementor-widget-text-editor\" data-id=\"467d6f9\" data-element_type=\"widget\" data-e-type=\"widget\" data-widget_type=\"text-editor.default\">\n\t\t\t\t\t\t\t\t\t<p>Ver\u00f3nica a enseign\u00e9 dans le cadre de formations universitaires de premier cycle et de troisi\u00e8me cycle \u00e0 l\u2019\u00c9cole Diplomatique Espagnole (Minist\u00e8re des Affaires \u00c9trang\u00e8res), \u00e0 l\u2019Universit\u00e9 CEU San Pablo et \u00e0 IE Law School, en espagnol comme en anglais, sur le Droit de l\u2019Union europ\u00e9enne, les proc\u00e9dures devant la Cour de justice de l\u2019Union Europ\u00e9enne et les proc\u00e9dures devant la Cour Europ\u00e9enne des Droits de l\u2019Homme.<br \/><br \/>Elle intervient \u00e9galement r\u00e9guli\u00e8rement dans des cours sp\u00e9cialis\u00e9s et des s\u00e9minaires organis\u00e9s par diverses institutions, notamment l\u2019Universit\u00e9 Carlos III, l\u2019\u00c9cole d\u2019Administration Publique, le Centre d\u2019Etudes Juridiques (CEJ) du Minist\u00e8re de la Justice, FIDE et le Barreau de Madrid.<br \/><br \/>Elle est l\u2019auteure de plusieurs publications dans les domaines de l\u2019arbitrage, de la r\u00e9gulation et du Droit de l\u2019Union, qui t\u00e9moignent de la continuit\u00e9 entre sa pratique professionnelle et sa r\u00e9flexion doctrinale.<br \/>Parmi ses publications figurent notamment:<br \/>\u00a0<\/p><ul><li><strong><em>L\u2019arbitrage comme mode de r\u00e9solution des diff\u00e9rends dans les contrats de droit priv\u00e9 conclus par l\u2019administration et d\u2019autres entit\u00e9s publiques,<\/em><\/strong> dans Arbitration and the Public Sector (2024), ouvrage comm\u00e9moratif du 35e anniversaire de la Cour civile et commerciale d\u2019arbitrage (CIMA).<\/li><li><strong><em>Une mesure accord\u00e9e par un tribunal arbitral constitue-t-elle une aide d\u2019\u00c9tat ? <\/em><\/strong>dans Arbitration Yearbook 2022.<\/li><li><strong><em>La convention d\u2019arbitrage et le droit applicable : r\u00e9flexions sur l\u2019arr\u00eat de la Cour supr\u00eame du Royaume-Uni dans l\u2019affaire Enka v Chubb<\/em><\/strong>, dans Arbitration Yearbook 2021.<\/li><li><em><strong>Les d\u00e9cisions d\u2019engagement au titre de l\u2019article 9 du r\u00e8glement 1\/2003 \u00e0 la suite de l\u2019arr\u00eat Gasorba de la CJUE, dans Competition Law Yearbook 2020.<\/strong><\/em><\/li><li><strong><em>Les circulaires de la CNMC \u00e0 la suite des comp\u00e9tences conf\u00e9r\u00e9es par le d\u00e9cret-loi royal 1\/2019<\/em><\/strong>, dans Administrative Law Yearbook 2020.<\/li><li><strong><em>L\u2019arbitrage international et la conciliation au regard de la directive europ\u00e9enne sur les march\u00e9s publics<\/em><\/strong>, dans Spain Arbitration Review, n\u00b0 36 (2019).<\/li><li><strong><em>Les nouvelles technologies de la soci\u00e9t\u00e9 de l\u2019information dans la jurisprudence de la Cour de justice : les affaires Google, Facebook et Uber,<\/em><\/strong> dans Legal Studies in Honour of Manuel Goded Miranda (minist\u00e8re espagnol de la Justice, 2019).<\/li><li><strong><em>La violation de la lex artis ad hoc et sa pertinence en mati\u00e8re de causalit\u00e9,<\/em><\/strong> dans La responsabilit\u00e9 patrimoniale de l\u2019administration publique sanitaire (Thomson-Aranzadi, 2009).<\/li><\/ul>\t\t\t\t\t\t\t\t<\/div>\n\t\t\t\t<div class=\"elementor-element elementor-element-ef11ca4 elementor-widget-divider--view-line elementor-widget elementor-widget-divider\" data-id=\"ef11ca4\" data-element_type=\"widget\" data-e-type=\"widget\" data-widget_type=\"divider.default\">\n\t\t\t\t\t\t\t<div class=\"elementor-divider\">\n\t\t\t<span class=\"elementor-divider-separator\">\n\t\t\t\t\t\t<\/span>\n\t\t<\/div>\n\t\t\t\t\t\t<\/div>\n\t\t\t\t<\/div>\n\t\t<div class=\"elementor-element elementor-element-1fd38b8 e-flex e-con-boxed e-con e-parent\" data-id=\"1fd38b8\" data-element_type=\"container\" data-e-type=\"container\">\n\t\t\t\t\t<div class=\"e-con-inner\">\n\t\t\t\t\t<\/div>\n\t\t\t\t<\/div>\n\t\t\t\t<\/div>\n\t\t","protected":false},"excerpt":{"rendered":"<p>Activit\u00e9s acad\u00e9miques et publications Ver\u00f3nica a enseign\u00e9 dans le cadre de formations universitaires de premier cycle et de troisi\u00e8me cycle \u00e0 l\u2019\u00c9cole Diplomatique Espagnole (Minist\u00e8re des Affaires \u00c9trang\u00e8res), \u00e0 l\u2019Universit\u00e9 CEU San Pablo et \u00e0 IE Law School, en espagnol comme en anglais, sur le Droit de l\u2019Union europ\u00e9enne, les proc\u00e9dures devant la Cour de [&hellip;]<\/p>\n","protected":false},"author":1,"featured_media":1753,"parent":0,"menu_order":0,"comment_status":"closed","ping_status":"closed","template":"elementor_header_footer","meta":{"footnotes":""},"class_list":["post-1784","page","type-page","status-publish","has-post-thumbnail","hentry"],"yoast_head":"<!-- This site is optimized with the Yoast SEO plugin v27.2 - https:\/\/yoast.com\/product\/yoast-seo-wordpress\/ -->\n<title>Activit\u00e9s &amp; publications - Ver\u00f3nica Ester Casas<\/title>\n<meta name=\"robots\" content=\"index, follow, max-snippet:-1, max-image-preview:large, max-video-preview:-1\" \/>\n<link rel=\"canonical\" href=\"https:\/\/veronicaestercasas.com\/fr\/activites-academiques-et-publications\/\" \/>\n<meta property=\"og:locale\" content=\"fr_FR\" \/>\n<meta property=\"og:type\" content=\"article\" \/>\n<meta property=\"og:title\" content=\"Activit\u00e9s &amp; publications - Ver\u00f3nica Ester Casas\" \/>\n<meta property=\"og:description\" content=\"Activit\u00e9s acad\u00e9miques et publications Ver\u00f3nica a enseign\u00e9 dans le cadre de formations universitaires de premier cycle et de troisi\u00e8me cycle \u00e0 l\u2019\u00c9cole Diplomatique Espagnole (Minist\u00e8re des Affaires \u00c9trang\u00e8res), \u00e0 l\u2019Universit\u00e9 CEU San Pablo et \u00e0 IE Law School, en espagnol comme en anglais, sur le Droit de l\u2019Union europ\u00e9enne, les proc\u00e9dures devant la Cour de [&hellip;]\" \/>\n<meta property=\"og:url\" content=\"https:\/\/veronicaestercasas.com\/fr\/activites-academiques-et-publications\/\" \/>\n<meta property=\"og:site_name\" content=\"Ver\u00f3nica Ester Casas\" \/>\n<meta property=\"article:publisher\" content=\"https:\/\/www.linkedin.com\/in\/veronicaestercasas\" \/>\n<meta property=\"article:modified_time\" content=\"2026-03-12T09:23:01+00:00\" \/>\n<meta property=\"og:image\" content=\"https:\/\/veronicaestercasas.com\/wp-content\/uploads\/2026\/02\/Homepage-400_380.jpg\" \/>\n\t<meta property=\"og:image:width\" content=\"400\" \/>\n\t<meta property=\"og:image:height\" content=\"380\" \/>\n\t<meta property=\"og:image:type\" content=\"image\/jpeg\" \/>\n<meta name=\"twitter:card\" content=\"summary_large_image\" \/>\n<meta name=\"twitter:label1\" content=\"Dur\u00e9e de lecture estim\u00e9e\" \/>\n\t<meta name=\"twitter:data1\" content=\"2 minutes\" \/>\n<script type=\"application\/ld+json\" class=\"yoast-schema-graph\">{\"@context\":\"https:\/\/schema.org\",\"@graph\":[{\"@type\":\"WebPage\",\"@id\":\"https:\/\/veronicaestercasas.com\/fr\/activites-academiques-et-publications\/\",\"url\":\"https:\/\/veronicaestercasas.com\/fr\/activites-academiques-et-publications\/\",\"name\":\"Activit\u00e9s &amp; publications - Ver\u00f3nica Ester Casas\",\"isPartOf\":{\"@id\":\"https:\/\/veronicaestercasas.com\/fr\/#website\"},\"primaryImageOfPage\":{\"@id\":\"https:\/\/veronicaestercasas.com\/fr\/activites-academiques-et-publications\/#primaryimage\"},\"image\":{\"@id\":\"https:\/\/veronicaestercasas.com\/fr\/activites-academiques-et-publications\/#primaryimage\"},\"thumbnailUrl\":\"https:\/\/veronicaestercasas.com\/wp-content\/uploads\/2026\/02\/Homepage-400_380.jpg\",\"datePublished\":\"2026-02-28T10:38:25+00:00\",\"dateModified\":\"2026-03-12T09:23:01+00:00\",\"breadcrumb\":{\"@id\":\"https:\/\/veronicaestercasas.com\/fr\/activites-academiques-et-publications\/#breadcrumb\"},\"inLanguage\":\"fr-FR\",\"potentialAction\":[{\"@type\":\"ReadAction\",\"target\":[\"https:\/\/veronicaestercasas.com\/fr\/activites-academiques-et-publications\/\"]}]},{\"@type\":\"ImageObject\",\"inLanguage\":\"fr-FR\",\"@id\":\"https:\/\/veronicaestercasas.com\/fr\/activites-academiques-et-publications\/#primaryimage\",\"url\":\"https:\/\/veronicaestercasas.com\/wp-content\/uploads\/2026\/02\/Homepage-400_380.jpg\",\"contentUrl\":\"https:\/\/veronicaestercasas.com\/wp-content\/uploads\/2026\/02\/Homepage-400_380.jpg\",\"width\":400,\"height\":380},{\"@type\":\"BreadcrumbList\",\"@id\":\"https:\/\/veronicaestercasas.com\/fr\/activites-academiques-et-publications\/#breadcrumb\",\"itemListElement\":[{\"@type\":\"ListItem\",\"position\":1,\"name\":\"Portada\",\"item\":\"https:\/\/veronicaestercasas.com\/fr\/\"},{\"@type\":\"ListItem\",\"position\":2,\"name\":\"Activit\u00e9s &amp; publications\"}]},{\"@type\":\"WebSite\",\"@id\":\"https:\/\/veronicaestercasas.com\/fr\/#website\",\"url\":\"https:\/\/veronicaestercasas.com\/fr\/\",\"name\":\"Ver\u00f3nica Ester Casas\",\"description\":\"Abogado y \u00e1rbitro independiente\",\"publisher\":{\"@id\":\"https:\/\/veronicaestercasas.com\/fr\/#organization\"},\"potentialAction\":[{\"@type\":\"SearchAction\",\"target\":{\"@type\":\"EntryPoint\",\"urlTemplate\":\"https:\/\/veronicaestercasas.com\/fr\/?s={search_term_string}\"},\"query-input\":{\"@type\":\"PropertyValueSpecification\",\"valueRequired\":true,\"valueName\":\"search_term_string\"}}],\"inLanguage\":\"fr-FR\"},{\"@type\":\"Organization\",\"@id\":\"https:\/\/veronicaestercasas.com\/fr\/#organization\",\"name\":\"Ver\u00f3nica Ester Casas\",\"url\":\"https:\/\/veronicaestercasas.com\/fr\/\",\"logo\":{\"@type\":\"ImageObject\",\"inLanguage\":\"fr-FR\",\"@id\":\"https:\/\/veronicaestercasas.com\/fr\/#\/schema\/logo\/image\/\",\"url\":\"https:\/\/veronicaestercasas.com\/wp-content\/uploads\/2026\/02\/VEC-LOGO.png\",\"contentUrl\":\"https:\/\/veronicaestercasas.com\/wp-content\/uploads\/2026\/02\/VEC-LOGO.png\",\"width\":1500,\"height\":400,\"caption\":\"Ver\u00f3nica Ester Casas\"},\"image\":{\"@id\":\"https:\/\/veronicaestercasas.com\/fr\/#\/schema\/logo\/image\/\"},\"sameAs\":[\"https:\/\/www.linkedin.com\/in\/veronicaestercasas\"]}]}<\/script>\n<!-- \/ Yoast SEO plugin. -->","yoast_head_json":{"title":"Activit\u00e9s &amp; publications - Ver\u00f3nica Ester Casas","robots":{"index":"index","follow":"follow","max-snippet":"max-snippet:-1","max-image-preview":"max-image-preview:large","max-video-preview":"max-video-preview:-1"},"canonical":"https:\/\/veronicaestercasas.com\/fr\/activites-academiques-et-publications\/","og_locale":"fr_FR","og_type":"article","og_title":"Activit\u00e9s &amp; publications - Ver\u00f3nica Ester Casas","og_description":"Activit\u00e9s acad\u00e9miques et publications Ver\u00f3nica a enseign\u00e9 dans le cadre de formations universitaires de premier cycle et de troisi\u00e8me cycle \u00e0 l\u2019\u00c9cole Diplomatique Espagnole (Minist\u00e8re des Affaires \u00c9trang\u00e8res), \u00e0 l\u2019Universit\u00e9 CEU San Pablo et \u00e0 IE Law School, en espagnol comme en anglais, sur le Droit de l\u2019Union europ\u00e9enne, les proc\u00e9dures devant la Cour de [&hellip;]","og_url":"https:\/\/veronicaestercasas.com\/fr\/activites-academiques-et-publications\/","og_site_name":"Ver\u00f3nica Ester Casas","article_publisher":"https:\/\/www.linkedin.com\/in\/veronicaestercasas","article_modified_time":"2026-03-12T09:23:01+00:00","og_image":[{"width":400,"height":380,"url":"https:\/\/veronicaestercasas.com\/wp-content\/uploads\/2026\/02\/Homepage-400_380.jpg","type":"image\/jpeg"}],"twitter_card":"summary_large_image","twitter_misc":{"Dur\u00e9e de lecture estim\u00e9e":"2 minutes"},"schema":{"@context":"https:\/\/schema.org","@graph":[{"@type":"WebPage","@id":"https:\/\/veronicaestercasas.com\/fr\/activites-academiques-et-publications\/","url":"https:\/\/veronicaestercasas.com\/fr\/activites-academiques-et-publications\/","name":"Activit\u00e9s &amp; publications - Ver\u00f3nica Ester Casas","isPartOf":{"@id":"https:\/\/veronicaestercasas.com\/fr\/#website"},"primaryImageOfPage":{"@id":"https:\/\/veronicaestercasas.com\/fr\/activites-academiques-et-publications\/#primaryimage"},"image":{"@id":"https:\/\/veronicaestercasas.com\/fr\/activites-academiques-et-publications\/#primaryimage"},"thumbnailUrl":"https:\/\/veronicaestercasas.com\/wp-content\/uploads\/2026\/02\/Homepage-400_380.jpg","datePublished":"2026-02-28T10:38:25+00:00","dateModified":"2026-03-12T09:23:01+00:00","breadcrumb":{"@id":"https:\/\/veronicaestercasas.com\/fr\/activites-academiques-et-publications\/#breadcrumb"},"inLanguage":"fr-FR","potentialAction":[{"@type":"ReadAction","target":["https:\/\/veronicaestercasas.com\/fr\/activites-academiques-et-publications\/"]}]},{"@type":"ImageObject","inLanguage":"fr-FR","@id":"https:\/\/veronicaestercasas.com\/fr\/activites-academiques-et-publications\/#primaryimage","url":"https:\/\/veronicaestercasas.com\/wp-content\/uploads\/2026\/02\/Homepage-400_380.jpg","contentUrl":"https:\/\/veronicaestercasas.com\/wp-content\/uploads\/2026\/02\/Homepage-400_380.jpg","width":400,"height":380},{"@type":"BreadcrumbList","@id":"https:\/\/veronicaestercasas.com\/fr\/activites-academiques-et-publications\/#breadcrumb","itemListElement":[{"@type":"ListItem","position":1,"name":"Portada","item":"https:\/\/veronicaestercasas.com\/fr\/"},{"@type":"ListItem","position":2,"name":"Activit\u00e9s &amp; publications"}]},{"@type":"WebSite","@id":"https:\/\/veronicaestercasas.com\/fr\/#website","url":"https:\/\/veronicaestercasas.com\/fr\/","name":"Ver\u00f3nica Ester Casas","description":"Abogado y \u00e1rbitro independiente","publisher":{"@id":"https:\/\/veronicaestercasas.com\/fr\/#organization"},"potentialAction":[{"@type":"SearchAction","target":{"@type":"EntryPoint","urlTemplate":"https:\/\/veronicaestercasas.com\/fr\/?s={search_term_string}"},"query-input":{"@type":"PropertyValueSpecification","valueRequired":true,"valueName":"search_term_string"}}],"inLanguage":"fr-FR"},{"@type":"Organization","@id":"https:\/\/veronicaestercasas.com\/fr\/#organization","name":"Ver\u00f3nica Ester Casas","url":"https:\/\/veronicaestercasas.com\/fr\/","logo":{"@type":"ImageObject","inLanguage":"fr-FR","@id":"https:\/\/veronicaestercasas.com\/fr\/#\/schema\/logo\/image\/","url":"https:\/\/veronicaestercasas.com\/wp-content\/uploads\/2026\/02\/VEC-LOGO.png","contentUrl":"https:\/\/veronicaestercasas.com\/wp-content\/uploads\/2026\/02\/VEC-LOGO.png","width":1500,"height":400,"caption":"Ver\u00f3nica Ester Casas"},"image":{"@id":"https:\/\/veronicaestercasas.com\/fr\/#\/schema\/logo\/image\/"},"sameAs":["https:\/\/www.linkedin.com\/in\/veronicaestercasas"]}]}},"_links":{"self":[{"href":"https:\/\/veronicaestercasas.com\/fr\/wp-json\/wp\/v2\/pages\/1784","targetHints":{"allow":["GET"]}}],"collection":[{"href":"https:\/\/veronicaestercasas.com\/fr\/wp-json\/wp\/v2\/pages"}],"about":[{"href":"https:\/\/veronicaestercasas.com\/fr\/wp-json\/wp\/v2\/types\/page"}],"author":[{"embeddable":true,"href":"https:\/\/veronicaestercasas.com\/fr\/wp-json\/wp\/v2\/users\/1"}],"replies":[{"embeddable":true,"href":"https:\/\/veronicaestercasas.com\/fr\/wp-json\/wp\/v2\/comments?post=1784"}],"version-history":[{"count":17,"href":"https:\/\/veronicaestercasas.com\/fr\/wp-json\/wp\/v2\/pages\/1784\/revisions"}],"predecessor-version":[{"id":2143,"href":"https:\/\/veronicaestercasas.com\/fr\/wp-json\/wp\/v2\/pages\/1784\/revisions\/2143"}],"wp:featuredmedia":[{"embeddable":true,"href":"https:\/\/veronicaestercasas.com\/fr\/wp-json\/wp\/v2\/media\/1753"}],"wp:attachment":[{"href":"https:\/\/veronicaestercasas.com\/fr\/wp-json\/wp\/v2\/media?parent=1784"}],"curies":[{"name":"wp","href":"https:\/\/api.w.org\/{rel}","templated":true}]}}