{"id":1825,"date":"2026-02-28T12:28:17","date_gmt":"2026-02-28T11:28:17","guid":{"rendered":"https:\/\/veronicaestercasas.com\/mentions-legales\/"},"modified":"2026-03-08T19:04:13","modified_gmt":"2026-03-08T18:04:13","slug":"mentions-legales","status":"publish","type":"page","link":"https:\/\/veronicaestercasas.com\/fr\/mentions-legales\/","title":{"rendered":"Mentions l\u00e9gales"},"content":{"rendered":"\t\t<div data-elementor-type=\"wp-page\" data-elementor-id=\"1825\" class=\"elementor elementor-1825 elementor-1006\">\n\t\t\t\t<div class=\"elementor-element elementor-element-10ab63b e-con-full e-flex e-con e-parent\" data-id=\"10ab63b\" data-element_type=\"container\" data-e-type=\"container\">\n\t\t\t\t<div class=\"elementor-element elementor-element-7a079370 elementor-widget elementor-widget-heading\" data-id=\"7a079370\" data-element_type=\"widget\" data-e-type=\"widget\" data-widget_type=\"heading.default\">\n\t\t\t\t\t<h2 class=\"elementor-heading-title elementor-size-default\">Mentions l\u00e9gales<\/h2>\t\t\t\t<\/div>\n\t\t\t\t<div class=\"elementor-element elementor-element-ef11ca4 elementor-widget-divider--view-line elementor-widget elementor-widget-divider\" data-id=\"ef11ca4\" data-element_type=\"widget\" data-e-type=\"widget\" data-widget_type=\"divider.default\">\n\t\t\t\t\t\t\t<div class=\"elementor-divider\">\n\t\t\t<span class=\"elementor-divider-separator\">\n\t\t\t\t\t\t<\/span>\n\t\t<\/div>\n\t\t\t\t\t\t<\/div>\n\t\t\t\t<\/div>\n\t\t<div class=\"elementor-element elementor-element-67926d2 e-flex e-con-boxed e-con e-parent\" data-id=\"67926d2\" data-element_type=\"container\" data-e-type=\"container\">\n\t\t\t\t\t<div class=\"e-con-inner\">\n\t\t\t\t<div class=\"elementor-element elementor-element-6321f4a elementor-widget elementor-widget-text-editor\" data-id=\"6321f4a\" data-element_type=\"widget\" data-e-type=\"widget\" data-widget_type=\"text-editor.default\">\n\t\t\t\t\t\t\t\t\t<p class=\"p1\">Le pr\u00e9sent avis l\u00e9gal contient les conditions qui r\u00e9gissent l\u2019utilisation et l\u2019acc\u00e8s au site web https:\/\/veronicaestercasas.com, ci-apr\u00e8s d\u00e9nomm\u00e9 le site web.<\/p><p class=\"p1\">L\u2019acc\u00e8s et la navigation sur le site web par l\u2019utilisateur impliquent l\u2019acceptation de toutes les conditions publi\u00e9es sur le site web \u00e0 ce moment-l\u00e0.<\/p><p class=\"p1\">L\u2019objectif de ce site est d\u2019informer sur l\u2019activit\u00e9 exerc\u00e9e par Ver\u00f3nica Ester Casas.<\/p><h3><b>Droits de propri\u00e9t\u00e9 intellectuelle et industrielle<\/b><\/h3><p class=\"p1\">Les contenus du site web (textes et photographies) sont la propri\u00e9t\u00e9 de Ver\u00f3nica Ester Casas. Les autres \u00e9l\u00e9ments tels que les caract\u00e9ristiques, boutons, fichiers logiciels, combinaisons de couleurs, ainsi que la structure, la s\u00e9lection, l\u2019organisation et la pr\u00e9sentation des contenus sont la propri\u00e9t\u00e9 de WordPress et sont prot\u00e9g\u00e9s par les lois espagnoles et internationales relatives \u00e0 la propri\u00e9t\u00e9 intellectuelle et industrielle.<\/p><p class=\"p1\">En aucun cas l\u2019acc\u00e8s \u00e0 ce site n\u2019implique une renonciation, un transfert ou une cession totale ou partielle des droits accord\u00e9s par la l\u00e9gislation espagnole et internationale en mati\u00e8re de propri\u00e9t\u00e9 intellectuelle et industrielle.<\/p><p class=\"p1\">La reproduction (\u00e0 l\u2019exception du t\u00e9l\u00e9chargement temporaire depuis le site web vers le disque dur de l\u2019ordinateur de l\u2019utilisateur ou vers des serveurs proxy), la copie, l\u2019utilisation, la distribution, la r\u00e9utilisation, l\u2019exploitation, la r\u00e9alisation de copies secondaires, l\u2019envoi par courrier, la transmission, la modification, la cession ou tout autre acte r\u00e9alis\u00e9 avec tout ou partie des informations contenues sur ce site web sans l\u2019autorisation expresse du titulaire sont interdits. La diffusion des images n\u2019est autoris\u00e9e qu\u2019\u00e0 condition de mentionner express\u00e9ment leur auteur.<\/p><p class=\"p1\">L\u2019utilisateur s\u2019engage \u00e0 utiliser les contenus de mani\u00e8re diligente, correcte et licite et, en particulier, \u00e0 s\u2019abstenir de supprimer, contourner ou manipuler le \u00ab copyright \u00bb ainsi que les autres donn\u00e9es d\u2019identification des droits de Ver\u00f3nica Ester Casas ou de leurs titulaires int\u00e9gr\u00e9es aux contenus, ainsi que les dispositifs techniques de protection ou tout m\u00e9canisme d\u2019information pouvant \u00eatre inclus dans les contenus. L\u2019utilisateur s\u2019engage \u00e9galement \u00e0 ne pas utiliser les contenus et, en particulier, les informations de toute nature obtenues par le biais du site pour envoyer de la publicit\u00e9, des communications \u00e0 des fins commerciales, des messages non sollicit\u00e9s adress\u00e9s \u00e0 une pluralit\u00e9 de personnes, quelle que soit leur finalit\u00e9, ni \u00e0 commercialiser ou divulguer ces informations de quelque mani\u00e8re que ce soit.<\/p><h3><b>Acc\u00e8s<\/b><\/h3><p class=\"p1\">Les utilisateurs peuvent acc\u00e9der au site librement et gratuitement.<\/p><h3><b>Responsabilit\u00e9 et obligations<\/b><\/h3><h4><b>RESPONSABILIT\u00c9 CONCERNANT LE CONTENU<\/b><\/h4><p class=\"p1\">Le contenu de ce site web est de nature g\u00e9n\u00e9rale et a une finalit\u00e9 exclusivement informative concernant les travaux et services de Ver\u00f3nica Ester Casas.<\/p><p class=\"p1\">Ver\u00f3nica Ester Casas d\u00e9cline toute responsabilit\u00e9 concernant toute d\u00e9cision prise par l\u2019utilisateur du site web sur la base des informations qui y sont contenues, en particulier en ce qui concerne les caract\u00e9ristiques techniques des c\u00e2bles.<\/p><p class=\"p1\">Ver\u00f3nica Ester Casas d\u00e9cline toute responsabilit\u00e9 pour toute information qui n\u2019a pas \u00e9t\u00e9 \u00e9labor\u00e9e par elle-m\u00eame ou publi\u00e9e de mani\u00e8re autoris\u00e9e sous son nom, ainsi que pour toute responsabilit\u00e9 d\u00e9coulant d\u2019une mauvaise utilisation des contenus. Elle se r\u00e9serve \u00e9galement le droit de les mettre \u00e0 jour, de les supprimer, de les limiter ou d\u2019en emp\u00eacher l\u2019acc\u00e8s, de mani\u00e8re temporaire ou d\u00e9finitive.<\/p><h4><b>RESPONSABILIT\u00c9 DANS LE CAS O\u00d9 CETTE PAGE EST LA DESTINATION D\u2019UN LIEN INTRODUIT SUR UNE AUTRE PAGE<\/b><\/h4><p class=\"p1\">En ce qui concerne les liens \u00e9tablis par d\u2019autres pages vers ce site, ainsi que si un utilisateur, une entit\u00e9 ou un site web souhaite \u00e9tablir un lien vers ce site web, les stipulations suivantes doivent \u00eatre respect\u00e9es :<\/p><p class=\"p1\">Une autorisation pr\u00e9alable doit \u00eatre demand\u00e9e avant la cr\u00e9ation du lien et son octroi doit \u00eatre express\u00e9ment confirm\u00e9.<\/p><p class=\"p1\">Le lien ne peut renvoyer qu\u2019\u00e0 la page d\u2019accueil.<\/p><p class=\"p1\">Le lien doit \u00eatre absolu et complet, c\u2019est-\u00e0-dire qu\u2019il doit conduire l\u2019utilisateur directement \u00e0 l\u2019adresse de Ver\u00f3nica Ester Casas et couvrir enti\u00e8rement l\u2019\u00e9cran de la page d\u2019accueil.<\/p><p class=\"p1\">Aucune indication erron\u00e9e ou incorrecte concernant la page de Ver\u00f3nica Ester Casas ne doit \u00eatre donn\u00e9e.<\/p><p class=\"p1\">Si un signe distinctif de Ver\u00f3nica Ester Casas, tel qu\u2019une marque, un logo ou une d\u00e9nomination, est utilis\u00e9, une autorisation \u00e9crite pr\u00e9alable est requise.<\/p><p class=\"p1\">Le titulaire de la page proposant le lien devra agir de bonne foi et ne pas chercher \u00e0 porter atteinte \u00e0 la r\u00e9putation ou au bon nom de Ver\u00f3nica Ester Casas.<\/p><p class=\"p1\">Sauf autorisation expresse de Ver\u00f3nica Ester Casas, il est interdit d\u2019enregistrer les \u00e9l\u00e9ments textuels de la marque ou du logo, le nom de domaine ou la d\u00e9nomination fundacionmadrid.org comme mot-cl\u00e9 (metatags ou metanames) pour les recherches de sites web effectu\u00e9es via des moteurs de recherche.<\/p><p class=\"p1\">Ver\u00f3nica Ester Casas n\u2019assume aucune responsabilit\u00e9 concernant tout aspect relatif au site web qui propose le lien. L\u2019\u00e9tablissement d\u2019un lien n\u2019implique l\u2019existence d\u2019aucune relation, collaboration ou d\u00e9pendance entre Ver\u00f3nica Ester Casas et le titulaire de ce site web.<\/p><h4><b>RESPONSABILIT\u00c9 ASPECTS TECHNIQUES<\/b><\/h4><p class=\"p1\">Ver\u00f3nica Ester Casas ne garantit pas la continuit\u00e9 du fonctionnement du site web ni que celui-ci soit \u00e0 tout moment op\u00e9rationnel et disponible.<\/p><p class=\"p1\">Ver\u00f3nica Ester Casas ne pourra \u00eatre tenue responsable des dommages directs ou indirects, y compris des dommages aux syst\u00e8mes informatiques ou l\u2019introduction de virus pr\u00e9sents sur le r\u00e9seau, r\u00e9sultant de la navigation sur Internet n\u00e9cessaire \u00e0 l\u2019utilisation de ce site web.<\/p><h3><b>OBLIGATIONS DES UTILISATEURS<\/b><\/h3><p class=\"p1\">L\u2019utilisateur sera responsable des dommages que Ver\u00f3nica Ester Casas pourrait subir en cons\u00e9quence du non-respect de l\u2019une quelconque des obligations \u00e9tablies dans cet avis l\u00e9gal.<\/p><p class=\"p1\">En ce qui concerne la navigation, l\u2019utilisateur s\u2019engage \u00e0 respecter diligemment et fid\u00e8lement les recommandations \u00e9tablies par Ver\u00f3nica Ester Casas relatives \u00e0 l\u2019utilisation du site. \u00c0 cette fin, Ver\u00f3nica Ester Casas pourra s\u2019adresser aux utilisateurs par tout moyen de communication disponible via le site web.<\/p><h3><b>Dur\u00e9e et modification<\/b><\/h3><p class=\"p1\">Ver\u00f3nica Ester Casas se r\u00e9serve le droit de modifier les termes et conditions \u00e9tablis ici de mani\u00e8re unilat\u00e9rale, en totalit\u00e9 ou en partie. Toute modification appara\u00eetra de la m\u00eame mani\u00e8re que dans le pr\u00e9sent avis l\u00e9gal.<\/p><p class=\"p1\">La validit\u00e9 temporelle de cet avis l\u00e9gal correspond donc \u00e0 la dur\u00e9e de sa publication, jusqu\u2019\u00e0 ce qu\u2019il soit modifi\u00e9 totalement ou partiellement par Ver\u00f3nica Ester Casas.<\/p><h3><b>L\u00e9gislation et juridiction<\/b><\/h3><p class=\"p1\">Les pr\u00e9sentes conditions d\u2019utilisation sont r\u00e9gies par la l\u00e9gislation espagnole.<\/p><p class=\"p1\">Les utilisateurs et Ver\u00f3nica Ester Casas, avec renonciation expresse \u00e0 toute autre juridiction qui pourrait leur correspondre, soumettent toute interpr\u00e9tation ou tout conflit pouvant d\u00e9couler de ce pr\u00e9sent avis l\u00e9gal aux tribunaux de Madrid.<\/p>\t\t\t\t\t\t\t\t<\/div>\n\t\t\t\t\t<\/div>\n\t\t\t\t<\/div>\n\t\t\t\t<\/div>\n\t\t","protected":false},"excerpt":{"rendered":"<p>Mentions l\u00e9gales Le pr\u00e9sent avis l\u00e9gal contient les conditions qui r\u00e9gissent l\u2019utilisation et l\u2019acc\u00e8s au site web https:\/\/veronicaestercasas.com, ci-apr\u00e8s d\u00e9nomm\u00e9 le site web. L\u2019acc\u00e8s et la navigation sur le site web par l\u2019utilisateur impliquent l\u2019acceptation de toutes les conditions publi\u00e9es sur le site web \u00e0 ce moment-l\u00e0. L\u2019objectif de ce site est d\u2019informer sur l\u2019activit\u00e9 [&hellip;]<\/p>\n","protected":false},"author":1,"featured_media":1753,"parent":0,"menu_order":0,"comment_status":"closed","ping_status":"closed","template":"elementor_header_footer","meta":{"footnotes":""},"class_list":["post-1825","page","type-page","status-publish","has-post-thumbnail","hentry"],"yoast_head":"<!-- This site is optimized with the Yoast SEO plugin v27.2 - https:\/\/yoast.com\/product\/yoast-seo-wordpress\/ -->\n<title>Mentions l\u00e9gales - Ver\u00f3nica Ester Casas<\/title>\n<meta name=\"robots\" content=\"index, follow, max-snippet:-1, max-image-preview:large, max-video-preview:-1\" \/>\n<link rel=\"canonical\" href=\"https:\/\/veronicaestercasas.com\/fr\/mentions-legales\/\" \/>\n<meta property=\"og:locale\" content=\"fr_FR\" \/>\n<meta property=\"og:type\" content=\"article\" \/>\n<meta property=\"og:title\" content=\"Mentions l\u00e9gales - Ver\u00f3nica Ester Casas\" \/>\n<meta property=\"og:description\" content=\"Mentions l\u00e9gales Le pr\u00e9sent avis l\u00e9gal contient les conditions qui r\u00e9gissent l\u2019utilisation et l\u2019acc\u00e8s au site web https:\/\/veronicaestercasas.com, ci-apr\u00e8s d\u00e9nomm\u00e9 le site web. L\u2019acc\u00e8s et la navigation sur le site web par l\u2019utilisateur impliquent l\u2019acceptation de toutes les conditions publi\u00e9es sur le site web \u00e0 ce moment-l\u00e0. L\u2019objectif de ce site est d\u2019informer sur l\u2019activit\u00e9 [&hellip;]\" \/>\n<meta property=\"og:url\" content=\"https:\/\/veronicaestercasas.com\/fr\/mentions-legales\/\" \/>\n<meta property=\"og:site_name\" content=\"Ver\u00f3nica Ester Casas\" \/>\n<meta property=\"article:publisher\" content=\"https:\/\/www.linkedin.com\/in\/veronicaestercasas\" \/>\n<meta property=\"article:modified_time\" content=\"2026-03-08T18:04:13+00:00\" \/>\n<meta property=\"og:image\" content=\"https:\/\/veronicaestercasas.com\/wp-content\/uploads\/2026\/02\/Homepage-400_380.jpg\" \/>\n\t<meta property=\"og:image:width\" content=\"400\" \/>\n\t<meta property=\"og:image:height\" content=\"380\" \/>\n\t<meta property=\"og:image:type\" content=\"image\/jpeg\" \/>\n<meta name=\"twitter:card\" content=\"summary_large_image\" \/>\n<meta name=\"twitter:label1\" content=\"Dur\u00e9e de lecture estim\u00e9e\" \/>\n\t<meta name=\"twitter:data1\" content=\"6 minutes\" \/>\n<script type=\"application\/ld+json\" class=\"yoast-schema-graph\">{\"@context\":\"https:\/\/schema.org\",\"@graph\":[{\"@type\":\"WebPage\",\"@id\":\"https:\/\/veronicaestercasas.com\/fr\/mentions-legales\/\",\"url\":\"https:\/\/veronicaestercasas.com\/fr\/mentions-legales\/\",\"name\":\"Mentions l\u00e9gales - Ver\u00f3nica Ester Casas\",\"isPartOf\":{\"@id\":\"https:\/\/veronicaestercasas.com\/fr\/#website\"},\"primaryImageOfPage\":{\"@id\":\"https:\/\/veronicaestercasas.com\/fr\/mentions-legales\/#primaryimage\"},\"image\":{\"@id\":\"https:\/\/veronicaestercasas.com\/fr\/mentions-legales\/#primaryimage\"},\"thumbnailUrl\":\"https:\/\/veronicaestercasas.com\/wp-content\/uploads\/2026\/02\/Homepage-400_380.jpg\",\"datePublished\":\"2026-02-28T11:28:17+00:00\",\"dateModified\":\"2026-03-08T18:04:13+00:00\",\"breadcrumb\":{\"@id\":\"https:\/\/veronicaestercasas.com\/fr\/mentions-legales\/#breadcrumb\"},\"inLanguage\":\"fr-FR\",\"potentialAction\":[{\"@type\":\"ReadAction\",\"target\":[\"https:\/\/veronicaestercasas.com\/fr\/mentions-legales\/\"]}]},{\"@type\":\"ImageObject\",\"inLanguage\":\"fr-FR\",\"@id\":\"https:\/\/veronicaestercasas.com\/fr\/mentions-legales\/#primaryimage\",\"url\":\"https:\/\/veronicaestercasas.com\/wp-content\/uploads\/2026\/02\/Homepage-400_380.jpg\",\"contentUrl\":\"https:\/\/veronicaestercasas.com\/wp-content\/uploads\/2026\/02\/Homepage-400_380.jpg\",\"width\":400,\"height\":380},{\"@type\":\"BreadcrumbList\",\"@id\":\"https:\/\/veronicaestercasas.com\/fr\/mentions-legales\/#breadcrumb\",\"itemListElement\":[{\"@type\":\"ListItem\",\"position\":1,\"name\":\"Portada\",\"item\":\"https:\/\/veronicaestercasas.com\/fr\/\"},{\"@type\":\"ListItem\",\"position\":2,\"name\":\"Mentions l\u00e9gales\"}]},{\"@type\":\"WebSite\",\"@id\":\"https:\/\/veronicaestercasas.com\/fr\/#website\",\"url\":\"https:\/\/veronicaestercasas.com\/fr\/\",\"name\":\"Ver\u00f3nica Ester Casas\",\"description\":\"Abogado y \u00e1rbitro independiente\",\"publisher\":{\"@id\":\"https:\/\/veronicaestercasas.com\/fr\/#organization\"},\"potentialAction\":[{\"@type\":\"SearchAction\",\"target\":{\"@type\":\"EntryPoint\",\"urlTemplate\":\"https:\/\/veronicaestercasas.com\/fr\/?s={search_term_string}\"},\"query-input\":{\"@type\":\"PropertyValueSpecification\",\"valueRequired\":true,\"valueName\":\"search_term_string\"}}],\"inLanguage\":\"fr-FR\"},{\"@type\":\"Organization\",\"@id\":\"https:\/\/veronicaestercasas.com\/fr\/#organization\",\"name\":\"Ver\u00f3nica Ester Casas\",\"url\":\"https:\/\/veronicaestercasas.com\/fr\/\",\"logo\":{\"@type\":\"ImageObject\",\"inLanguage\":\"fr-FR\",\"@id\":\"https:\/\/veronicaestercasas.com\/fr\/#\/schema\/logo\/image\/\",\"url\":\"https:\/\/veronicaestercasas.com\/wp-content\/uploads\/2026\/02\/VEC-LOGO.png\",\"contentUrl\":\"https:\/\/veronicaestercasas.com\/wp-content\/uploads\/2026\/02\/VEC-LOGO.png\",\"width\":1500,\"height\":400,\"caption\":\"Ver\u00f3nica Ester Casas\"},\"image\":{\"@id\":\"https:\/\/veronicaestercasas.com\/fr\/#\/schema\/logo\/image\/\"},\"sameAs\":[\"https:\/\/www.linkedin.com\/in\/veronicaestercasas\"]}]}<\/script>\n<!-- \/ Yoast SEO plugin. -->","yoast_head_json":{"title":"Mentions l\u00e9gales - Ver\u00f3nica Ester Casas","robots":{"index":"index","follow":"follow","max-snippet":"max-snippet:-1","max-image-preview":"max-image-preview:large","max-video-preview":"max-video-preview:-1"},"canonical":"https:\/\/veronicaestercasas.com\/fr\/mentions-legales\/","og_locale":"fr_FR","og_type":"article","og_title":"Mentions l\u00e9gales - Ver\u00f3nica Ester Casas","og_description":"Mentions l\u00e9gales Le pr\u00e9sent avis l\u00e9gal contient les conditions qui r\u00e9gissent l\u2019utilisation et l\u2019acc\u00e8s au site web https:\/\/veronicaestercasas.com, ci-apr\u00e8s d\u00e9nomm\u00e9 le site web. L\u2019acc\u00e8s et la navigation sur le site web par l\u2019utilisateur impliquent l\u2019acceptation de toutes les conditions publi\u00e9es sur le site web \u00e0 ce moment-l\u00e0. L\u2019objectif de ce site est d\u2019informer sur l\u2019activit\u00e9 [&hellip;]","og_url":"https:\/\/veronicaestercasas.com\/fr\/mentions-legales\/","og_site_name":"Ver\u00f3nica Ester Casas","article_publisher":"https:\/\/www.linkedin.com\/in\/veronicaestercasas","article_modified_time":"2026-03-08T18:04:13+00:00","og_image":[{"width":400,"height":380,"url":"https:\/\/veronicaestercasas.com\/wp-content\/uploads\/2026\/02\/Homepage-400_380.jpg","type":"image\/jpeg"}],"twitter_card":"summary_large_image","twitter_misc":{"Dur\u00e9e de lecture estim\u00e9e":"6 minutes"},"schema":{"@context":"https:\/\/schema.org","@graph":[{"@type":"WebPage","@id":"https:\/\/veronicaestercasas.com\/fr\/mentions-legales\/","url":"https:\/\/veronicaestercasas.com\/fr\/mentions-legales\/","name":"Mentions l\u00e9gales - Ver\u00f3nica Ester Casas","isPartOf":{"@id":"https:\/\/veronicaestercasas.com\/fr\/#website"},"primaryImageOfPage":{"@id":"https:\/\/veronicaestercasas.com\/fr\/mentions-legales\/#primaryimage"},"image":{"@id":"https:\/\/veronicaestercasas.com\/fr\/mentions-legales\/#primaryimage"},"thumbnailUrl":"https:\/\/veronicaestercasas.com\/wp-content\/uploads\/2026\/02\/Homepage-400_380.jpg","datePublished":"2026-02-28T11:28:17+00:00","dateModified":"2026-03-08T18:04:13+00:00","breadcrumb":{"@id":"https:\/\/veronicaestercasas.com\/fr\/mentions-legales\/#breadcrumb"},"inLanguage":"fr-FR","potentialAction":[{"@type":"ReadAction","target":["https:\/\/veronicaestercasas.com\/fr\/mentions-legales\/"]}]},{"@type":"ImageObject","inLanguage":"fr-FR","@id":"https:\/\/veronicaestercasas.com\/fr\/mentions-legales\/#primaryimage","url":"https:\/\/veronicaestercasas.com\/wp-content\/uploads\/2026\/02\/Homepage-400_380.jpg","contentUrl":"https:\/\/veronicaestercasas.com\/wp-content\/uploads\/2026\/02\/Homepage-400_380.jpg","width":400,"height":380},{"@type":"BreadcrumbList","@id":"https:\/\/veronicaestercasas.com\/fr\/mentions-legales\/#breadcrumb","itemListElement":[{"@type":"ListItem","position":1,"name":"Portada","item":"https:\/\/veronicaestercasas.com\/fr\/"},{"@type":"ListItem","position":2,"name":"Mentions l\u00e9gales"}]},{"@type":"WebSite","@id":"https:\/\/veronicaestercasas.com\/fr\/#website","url":"https:\/\/veronicaestercasas.com\/fr\/","name":"Ver\u00f3nica Ester Casas","description":"Abogado y \u00e1rbitro independiente","publisher":{"@id":"https:\/\/veronicaestercasas.com\/fr\/#organization"},"potentialAction":[{"@type":"SearchAction","target":{"@type":"EntryPoint","urlTemplate":"https:\/\/veronicaestercasas.com\/fr\/?s={search_term_string}"},"query-input":{"@type":"PropertyValueSpecification","valueRequired":true,"valueName":"search_term_string"}}],"inLanguage":"fr-FR"},{"@type":"Organization","@id":"https:\/\/veronicaestercasas.com\/fr\/#organization","name":"Ver\u00f3nica Ester Casas","url":"https:\/\/veronicaestercasas.com\/fr\/","logo":{"@type":"ImageObject","inLanguage":"fr-FR","@id":"https:\/\/veronicaestercasas.com\/fr\/#\/schema\/logo\/image\/","url":"https:\/\/veronicaestercasas.com\/wp-content\/uploads\/2026\/02\/VEC-LOGO.png","contentUrl":"https:\/\/veronicaestercasas.com\/wp-content\/uploads\/2026\/02\/VEC-LOGO.png","width":1500,"height":400,"caption":"Ver\u00f3nica Ester Casas"},"image":{"@id":"https:\/\/veronicaestercasas.com\/fr\/#\/schema\/logo\/image\/"},"sameAs":["https:\/\/www.linkedin.com\/in\/veronicaestercasas"]}]}},"_links":{"self":[{"href":"https:\/\/veronicaestercasas.com\/fr\/wp-json\/wp\/v2\/pages\/1825","targetHints":{"allow":["GET"]}}],"collection":[{"href":"https:\/\/veronicaestercasas.com\/fr\/wp-json\/wp\/v2\/pages"}],"about":[{"href":"https:\/\/veronicaestercasas.com\/fr\/wp-json\/wp\/v2\/types\/page"}],"author":[{"embeddable":true,"href":"https:\/\/veronicaestercasas.com\/fr\/wp-json\/wp\/v2\/users\/1"}],"replies":[{"embeddable":true,"href":"https:\/\/veronicaestercasas.com\/fr\/wp-json\/wp\/v2\/comments?post=1825"}],"version-history":[{"count":4,"href":"https:\/\/veronicaestercasas.com\/fr\/wp-json\/wp\/v2\/pages\/1825\/revisions"}],"predecessor-version":[{"id":1830,"href":"https:\/\/veronicaestercasas.com\/fr\/wp-json\/wp\/v2\/pages\/1825\/revisions\/1830"}],"wp:featuredmedia":[{"embeddable":true,"href":"https:\/\/veronicaestercasas.com\/fr\/wp-json\/wp\/v2\/media\/1753"}],"wp:attachment":[{"href":"https:\/\/veronicaestercasas.com\/fr\/wp-json\/wp\/v2\/media?parent=1825"}],"curies":[{"name":"wp","href":"https:\/\/api.w.org\/{rel}","templated":true}]}}